{"id":6803,"date":"2022-05-12T14:54:11","date_gmt":"2022-05-12T14:54:11","guid":{"rendered":"https:\/\/northius.com\/?page_id=6803"},"modified":"2024-02-16T12:58:01","modified_gmt":"2024-02-16T12:58:01","slug":"junte-se-a-northius","status":"publish","type":"page","link":"https:\/\/northius.com\/pt\/plataforma\/junte-se-a-northius\/","title":{"rendered":"Junte-se \u00e0 Northius"},"content":{"rendered":"\t\t<div data-elementor-type=\"wp-page\" data-elementor-id=\"6803\" class=\"elementor elementor-6803 elementor-695\" data-elementor-post-type=\"page\">\n\t\t\t\t\t\t<section class=\"elementor-section elementor-top-section elementor-element elementor-element-66493a8e elementor-section-height-full elementor-section-stretched elementor-section-boxed elementor-section-height-default elementor-section-items-middle\" data-id=\"66493a8e\" data-element_type=\"section\" data-settings=\"{&quot;stretch_section&quot;:&quot;section-stretched&quot;,&quot;background_background&quot;:&quot;classic&quot;}\">\n\t\t\t\t\t\t\t<div class=\"elementor-background-overlay\"><\/div>\n\t\t\t\t\t\t\t<div class=\"elementor-container elementor-column-gap-default\">\n\t\t\t\t\t<div class=\"elementor-column elementor-col-100 elementor-top-column elementor-element elementor-element-33e46b16\" data-id=\"33e46b16\" data-element_type=\"column\">\n\t\t\t<div class=\"elementor-widget-wrap elementor-element-populated\">\n\t\t\t\t\t\t<div class=\"elementor-element elementor-element-9df0f4c elementor-widget elementor-widget-breadcrumbs\" data-id=\"9df0f4c\" data-element_type=\"widget\" data-widget_type=\"breadcrumbs.default\">\n\t\t\t\t<div class=\"elementor-widget-container\">\n\t\t\t\t\t<p id=\"breadcrumbs\"><span><span><a href=\"https:\/\/northius.com\/pt\/\">Inicio<\/a><\/span><\/span><\/p>\t\t\t\t<\/div>\n\t\t\t\t<\/div>\n\t\t\t\t<div class=\"elementor-element elementor-element-1dd69046 elementor-widget elementor-widget-heading\" data-id=\"1dd69046\" data-element_type=\"widget\" data-widget_type=\"heading.default\">\n\t\t\t\t<div class=\"elementor-widget-container\">\n\t\t\t\t\t<h1 class=\"elementor-heading-title elementor-size-default\">\u00danete a Northius<\/h1>\t\t\t\t<\/div>\n\t\t\t\t<\/div>\n\t\t\t\t<div class=\"elementor-element elementor-element-16c8a93 elementor-widget elementor-widget-text-editor\" data-id=\"16c8a93\" data-element_type=\"widget\" data-widget_type=\"text-editor.default\">\n\t\t\t\t<div class=\"elementor-widget-container\">\n\t\t\t\t\t\t\t\t\t<p>\u00bfQuieres <b>formar parte de Northius<\/b>? Potenciamos peque\u00f1os y grandes proyectos educativos para que alcancen la excelencia. Lo hacemos a trav\u00e9s de nuestra experiencia, nuestros medios, nuestros equipos multidisciplinares y aplicando conocimiento, tecnolog\u00eda e innovaci\u00f3n.<\/p>\n<p>Con Northius, las escuelas mejoran sus procesos, la calidad de sus formaciones y la experiencia de su alumnado.<\/p>\n\t\t\t\t\t\t\t\t<\/div>\n\t\t\t\t<\/div>\n\t\t\t\t\t<\/div>\n\t\t<\/div>\n\t\t\t\t\t<\/div>\n\t\t<\/section>\n\t\t\t\t<section class=\"elementor-section elementor-top-section elementor-element elementor-element-110936e3 elementor-section-boxed elementor-section-height-default elementor-section-height-default\" data-id=\"110936e3\" data-element_type=\"section\" data-settings=\"{&quot;background_background&quot;:&quot;classic&quot;}\">\n\t\t\t\t\t\t<div class=\"elementor-container elementor-column-gap-no\">\n\t\t\t\t\t<div class=\"elementor-column elementor-col-50 elementor-top-column elementor-element elementor-element-478ce05a\" data-id=\"478ce05a\" data-element_type=\"column\">\n\t\t\t<div class=\"elementor-widget-wrap elementor-element-populated\">\n\t\t\t\t\t\t<div class=\"elementor-element elementor-element-725271ed elementor-widget elementor-widget-heading\" data-id=\"725271ed\" data-element_type=\"widget\" data-widget_type=\"heading.default\">\n\t\t\t\t<div class=\"elementor-widget-container\">\n\t\t\t\t\t<h2 class=\"elementor-heading-title elementor-size-default\">\u00bfQu\u00e9 te ofrece nuestra plataforma?\n<\/h2>\t\t\t\t<\/div>\n\t\t\t\t<\/div>\n\t\t\t\t<section class=\"elementor-section elementor-inner-section elementor-element elementor-element-e19a32e elementor-section-content-middle elementor-section-height-min-height elementor-section-boxed elementor-section-height-default\" data-id=\"e19a32e\" data-element_type=\"section\">\n\t\t\t\t\t\t<div class=\"elementor-container elementor-column-gap-no\">\n\t\t\t\t\t<div class=\"elementor-column elementor-col-100 elementor-inner-column elementor-element elementor-element-c2c2131\" data-id=\"c2c2131\" data-element_type=\"column\" data-settings=\"{&quot;background_background&quot;:&quot;classic&quot;}\">\n\t\t\t<div class=\"elementor-widget-wrap elementor-element-populated\">\n\t\t\t\t\t\t<div class=\"elementor-element elementor-element-2c07489 elementor-widget elementor-widget-html\" data-id=\"2c07489\" data-element_type=\"widget\" data-widget_type=\"html.default\">\n\t\t\t\t<div class=\"elementor-widget-container\">\n\t\t\t\t\t  <div class=\"slider\">\n    <div><h3>Hiperespecializaci\u00f3n<\/h3><\/div>\n    <div><h3>Orientaci\u00f3n<\/h3><\/div>\n    <div><h3>Materiales educativos propios\n<\/h3><\/div>\n    <div><h3>Contenidos digitalizados y accesibles\n<\/h3><\/div>\n    <div><h3>Convenios con empresas a nivel internacional\n<\/h3><\/div>\n<div><h3>Inserci\u00f3n laboral\n\n<\/h3><\/div>\n  <\/div>\n \t\t\t\t<\/div>\n\t\t\t\t<\/div>\n\t\t\t\t\t<\/div>\n\t\t<\/div>\n\t\t\t\t\t<\/div>\n\t\t<\/section>\n\t\t\t\t\t<\/div>\n\t\t<\/div>\n\t\t\t\t<div class=\"elementor-column elementor-col-50 elementor-top-column elementor-element elementor-element-b4fdd3d\" data-id=\"b4fdd3d\" data-element_type=\"column\">\n\t\t\t<div class=\"elementor-widget-wrap elementor-element-populated\">\n\t\t\t\t\t\t<section class=\"elementor-section elementor-inner-section elementor-element elementor-element-5fd58fbd elementor-section-content-middle elementor-section-height-min-height elementor-section-boxed elementor-section-height-default\" data-id=\"5fd58fbd\" data-element_type=\"section\">\n\t\t\t\t\t\t<div class=\"elementor-container elementor-column-gap-no\">\n\t\t\t\t\t<div class=\"elementor-column elementor-col-100 elementor-inner-column elementor-element elementor-element-14362bb7\" data-id=\"14362bb7\" data-element_type=\"column\" data-settings=\"{&quot;background_background&quot;:&quot;classic&quot;}\">\n\t\t\t<div class=\"elementor-widget-wrap elementor-element-populated\">\n\t\t\t\t\t\t<div class=\"elementor-element elementor-element-d2d59f0 elementor-widget elementor-widget-html\" data-id=\"d2d59f0\" data-element_type=\"widget\" data-widget_type=\"html.default\">\n\t\t\t\t<div class=\"elementor-widget-container\">\n\t\t\t\t\t  <div class=\"slider\">\n    <div><h3>Equipos propios\n<\/h3><\/div>\n    <div><h3>Inteligencia artificial y data science\n<\/h3><\/div>\n    <div><h3>Sistemas de fidelizaci\u00f3n\n\n<\/h3><\/div>\n    <div><h3>Sistemas de calidad y escucha activa\n\n<\/h3><\/div>\n    <div><h3>Internacionalizaci\u00f3n\n<\/h3><\/div>\n\n  <\/div>\n \t\t\t\t<\/div>\n\t\t\t\t<\/div>\n\t\t\t\t\t<\/div>\n\t\t<\/div>\n\t\t\t\t\t<\/div>\n\t\t<\/section>\n\t\t\t\t\t<\/div>\n\t\t<\/div>\n\t\t\t\t\t<\/div>\n\t\t<\/section>\n\t\t\t\t<section class=\"elementor-section elementor-top-section elementor-element elementor-element-34ee4a9 elementor-section-boxed elementor-section-height-default elementor-section-height-default\" data-id=\"34ee4a9\" data-element_type=\"section\" data-settings=\"{&quot;background_background&quot;:&quot;classic&quot;}\">\n\t\t\t\t\t\t<div class=\"elementor-container elementor-column-gap-no\">\n\t\t\t\t\t<div class=\"elementor-column elementor-col-100 elementor-top-column elementor-element elementor-element-7d51d97\" data-id=\"7d51d97\" data-element_type=\"column\">\n\t\t\t<div class=\"elementor-widget-wrap elementor-element-populated\">\n\t\t\t\t\t\t<div class=\"elementor-element elementor-element-24527ed elementor-widget elementor-widget-heading\" data-id=\"24527ed\" data-element_type=\"widget\" data-widget_type=\"heading.default\">\n\t\t\t\t<div class=\"elementor-widget-container\">\n\t\t\t\t\t<h2 class=\"elementor-heading-title elementor-size-default\">\u00bfQuieres formar parte de\nnuestra plataforma?<\/h2>\t\t\t\t<\/div>\n\t\t\t\t<\/div>\n\t\t\t\t\t<\/div>\n\t\t<\/div>\n\t\t\t\t\t<\/div>\n\t\t<\/section>\n\t\t\t\t<section class=\"elementor-section elementor-top-section elementor-element elementor-element-1702be9 elementor-section-boxed elementor-section-height-default elementor-section-height-default\" data-id=\"1702be9\" data-element_type=\"section\" data-settings=\"{&quot;background_background&quot;:&quot;classic&quot;}\">\n\t\t\t\t\t\t<div class=\"elementor-container elementor-column-gap-no\">\n\t\t\t\t\t<div class=\"elementor-column elementor-col-100 elementor-top-column elementor-element elementor-element-ff41c91\" data-id=\"ff41c91\" data-element_type=\"column\" data-settings=\"{&quot;background_background&quot;:&quot;classic&quot;}\">\n\t\t\t<div class=\"elementor-widget-wrap elementor-element-populated\">\n\t\t\t\t\t\t<div class=\"elementor-element elementor-element-0b2c435 elementor-button-align-stretch elementor-widget elementor-widget-form\" data-id=\"0b2c435\" data-element_type=\"widget\" data-settings=\"{&quot;step_next_label&quot;:&quot;Siguiente&quot;,&quot;step_previous_label&quot;:&quot;Anterior&quot;,&quot;button_width&quot;:&quot;100&quot;,&quot;step_type&quot;:&quot;number_text&quot;,&quot;step_icon_shape&quot;:&quot;circle&quot;}\" data-widget_type=\"form.default\">\n\t\t\t\t<div class=\"elementor-widget-container\">\n\t\t\t\t\t\t\t<form class=\"elementor-form\" method=\"post\" id=\"uneteForm\" name=\"Unete\" aria-label=\"Unete\">\n\t\t\t<input type=\"hidden\" name=\"post_id\" value=\"6803\"\/>\n\t\t\t<input type=\"hidden\" name=\"form_id\" value=\"0b2c435\"\/>\n\t\t\t<input type=\"hidden\" name=\"referer_title\" value=\"Northius\" \/>\n\n\t\t\t\n\t\t\t<div class=\"elementor-form-fields-wrapper elementor-labels-above\">\n\t\t\t\t\t\t\t\t<div class=\"elementor-field-type-text elementor-field-group elementor-column elementor-field-group-name elementor-col-100 elementor-field-required elementor-mark-required\">\n\t\t\t\t\t\t\t\t\t\t\t\t<label for=\"form-field-name\" class=\"elementor-field-label\">\n\t\t\t\t\t\t\t\tNombre y apellidos\t\t\t\t\t\t\t<\/label>\n\t\t\t\t\t\t\t\t\t\t\t\t\t\t<input size=\"1\" type=\"text\" name=\"form_fields[name]\" id=\"form-field-name\" class=\"elementor-field elementor-size-md  elementor-field-textual\" required=\"required\">\n\t\t\t\t\t\t\t\t\t\t\t<\/div>\n\t\t\t\t\t\t\t\t<div class=\"elementor-field-type-text elementor-field-group elementor-column elementor-field-group-field_2ba02f3 elementor-col-100 elementor-field-required elementor-mark-required\">\n\t\t\t\t\t\t\t\t\t\t\t\t<label for=\"form-field-field_2ba02f3\" class=\"elementor-field-label\">\n\t\t\t\t\t\t\t\tEmpresa\t\t\t\t\t\t\t<\/label>\n\t\t\t\t\t\t\t\t\t\t\t\t\t\t<input size=\"1\" type=\"text\" name=\"form_fields[field_2ba02f3]\" id=\"form-field-field_2ba02f3\" class=\"elementor-field elementor-size-md  elementor-field-textual\" required=\"required\">\n\t\t\t\t\t\t\t\t\t\t\t<\/div>\n\t\t\t\t\t\t\t\t<div class=\"elementor-field-type-text elementor-field-group elementor-column elementor-field-group-field_2fb660c elementor-col-100 elementor-field-required elementor-mark-required\">\n\t\t\t\t\t\t\t\t\t\t\t\t<label for=\"form-field-field_2fb660c\" class=\"elementor-field-label\">\n\t\t\t\t\t\t\t\tCargo\t\t\t\t\t\t\t<\/label>\n\t\t\t\t\t\t\t\t\t\t\t\t\t\t<input size=\"1\" type=\"text\" name=\"form_fields[field_2fb660c]\" id=\"form-field-field_2fb660c\" class=\"elementor-field elementor-size-md  elementor-field-textual\" required=\"required\">\n\t\t\t\t\t\t\t\t\t\t\t<\/div>\n\t\t\t\t\t\t\t\t<div class=\"elementor-field-type-email elementor-field-group elementor-column elementor-field-group-email elementor-col-100 elementor-field-required elementor-mark-required\">\n\t\t\t\t\t\t\t\t\t\t\t\t<label for=\"form-field-email\" class=\"elementor-field-label\">\n\t\t\t\t\t\t\t\tCorreo electr\u00f3nico\t\t\t\t\t\t\t<\/label>\n\t\t\t\t\t\t\t\t\t\t\t\t\t\t<input size=\"1\" type=\"email\" name=\"form_fields[email]\" id=\"form-field-email\" class=\"elementor-field elementor-size-md  elementor-field-textual\" required=\"required\">\n\t\t\t\t\t\t\t\t\t\t\t<\/div>\n\t\t\t\t\t\t\t\t<div class=\"elementor-field-type-textarea elementor-field-group elementor-column elementor-field-group-message elementor-col-100\">\n\t\t\t\t\t\t\t\t\t\t\t\t<label for=\"form-field-message\" class=\"elementor-field-label\">\n\t\t\t\t\t\t\t\tMensaje\t\t\t\t\t\t\t<\/label>\n\t\t\t\t\t\t<textarea class=\"elementor-field-textual elementor-field  elementor-size-md\" name=\"form_fields[message]\" id=\"form-field-message\" rows=\"4\"><\/textarea>\t\t\t\t<\/div>\n\t\t\t\t\t\t\t\t<div class=\"elementor-field-type-acceptance elementor-field-group elementor-column elementor-field-group-field_a539d56 elementor-col-100 elementor-field-required elementor-mark-required\">\n\t\t\t\t\t\t\t<div class=\"elementor-field-subgroup\">\n\t\t\t<span class=\"elementor-field-option\">\n\t\t\t\t<input type=\"checkbox\" name=\"form_fields[field_a539d56]\" id=\"form-field-field_a539d56\" class=\"elementor-field elementor-size-md  elementor-acceptance-field\" required=\"required\">\n\t\t\t\t<label for=\"form-field-field_a539d56\">Acepto la <a href=\"https:\/\/northius.com\/politica-de-privacidad\/\" target=\"_BLANK\">pol\u00edtica de privacidad<\/a><\/label>\t\t\t<\/span>\n\t\t<\/div>\n\t\t\t\t\t\t<\/div>\n\t\t\t\t\t\t\t\t<div class=\"elementor-field-type-html elementor-field-group elementor-column elementor-field-group-field_517fb9e elementor-col-100\">\n\t\t\t\t\t<div style=\"font-size:10px; color:white;\">\n<p>\n<a href=\"https:\/\/northius.com\/plataforma\/escuelas-y-proyectos\/\" target=\"_blank\"><b>Grupo Northius<\/b><\/a> tratar\u00e1 sus datos personales para\u00a0ofrecerle informaci\u00f3n del programa\u00a0formativo seleccionado\u00a0o de otros directamente relacionados con el inter\u00e9s manifestado\u00a0y, en su caso, para tramitar\u00a0la contrataci\u00f3n correspondiente.\u00a0Compartiremos su solicitud con las empresas que conforman el <a href=\"https:\/\/northius.com\/plataforma\/escuelas-y-proyectos\/\" target=\"_blank\"><b>Grupo Northius<\/b><\/a>, con el\u00a0objeto de que \u00e9stas puedan hacerle llegar la mejor oferta de productos y servicios de\u00a0acuerdo a tu petici\u00f3n.\u00a0Mediante la cumplimentaci\u00f3n y env\u00edo del presente formulario usted muestra expresamente su consentimiento para ser contactado.\n<br>\nQuedan reconocidos los derechos de acceso, rectificaci\u00f3n,\u00a0supresi\u00f3n, oposici\u00f3n, limitaci\u00f3n tal y como se explica en la <a href=\"https:\/\/northius.com\/politica-de-privacidad\/\" target=\"_blank\"><b>Pol\u00edtica de Privacidad<\/b><\/a>.\n<\/p>\n<\/div>\n<\/div>\t\t\t\t<\/div>\n\t\t\t\t\t\t\t\t<div class=\"elementor-field-group elementor-column elementor-field-type-submit elementor-col-100 e-form__buttons\">\n\t\t\t\t\t<button class=\"elementor-button elementor-size-sm\" type=\"submit\" id=\"send-btn\">\n\t\t\t\t\t\t<span class=\"elementor-button-content-wrapper\">\n\t\t\t\t\t\t\t\t\t\t\t\t\t\t\t\t\t\t\t\t\t\t<span class=\"elementor-button-text\">Enviar<\/span>\n\t\t\t\t\t\t\t\t\t\t\t\t\t<\/span>\n\t\t\t\t\t<\/button>\n\t\t\t\t<\/div>\n\t\t\t<\/div>\n\t\t<\/form>\n\t\t\t\t\t\t<\/div>\n\t\t\t\t<\/div>\n\t\t\t\t\t<\/div>\n\t\t<\/div>\n\t\t\t\t\t<\/div>\n\t\t<\/section>\n\t\t\t\t<\/div>\n\t\t","protected":false},"excerpt":{"rendered":"<p>\u00danete a Northius \u00bfQuieres formar parte de Northius? Potenciamos peque\u00f1os y grandes proyectos educativos para que alcancen la excelencia. Lo hacemos a trav\u00e9s de nuestra experiencia, nuestros medios, nuestros equipos multidisciplinares y aplicando conocimiento, tecnolog\u00eda e innovaci\u00f3n. Con Northius, las escuelas mejoran sus procesos, la calidad de sus formaciones y la experiencia de su alumnado. [&hellip;]<\/p>\n","protected":false},"author":5,"featured_media":0,"parent":6801,"menu_order":17,"comment_status":"closed","ping_status":"closed","template":"","meta":{"_acf_changed":false,"inline_featured_image":false,"footnotes":""},"class_list":["post-6803","page","type-page","status-publish","hentry"],"acf":[],"yoast_head":"<!-- This site is optimized with the Yoast SEO plugin v26.2 - https:\/\/yoast.com\/wordpress\/plugins\/seo\/ -->\n<title>Junte-se \u00e0 Northius - Northius<\/title>\n<meta name=\"robots\" content=\"index, follow, max-snippet:-1, max-image-preview:large, max-video-preview:-1\" \/>\n<link rel=\"canonical\" href=\"https:\/\/northius.com\/pt\/plataforma\/junte-se-a-northius\/\" \/>\n<meta property=\"og:locale\" content=\"pt_PT\" \/>\n<meta property=\"og:type\" content=\"article\" \/>\n<meta property=\"og:title\" content=\"Junte-se \u00e0 Northius - Northius\" \/>\n<meta property=\"og:description\" content=\"\u00danete a Northius \u00bfQuieres formar parte de Northius? Potenciamos peque\u00f1os y grandes proyectos educativos para que alcancen la excelencia. Lo hacemos a trav\u00e9s de nuestra experiencia, nuestros medios, nuestros equipos multidisciplinares y aplicando conocimiento, tecnolog\u00eda e innovaci\u00f3n. Con Northius, las escuelas mejoran sus procesos, la calidad de sus formaciones y la experiencia de su alumnado. [&hellip;]\" \/>\n<meta property=\"og:url\" content=\"https:\/\/northius.com\/pt\/plataforma\/junte-se-a-northius\/\" \/>\n<meta property=\"og:site_name\" content=\"Northius\" \/>\n<meta property=\"article:modified_time\" content=\"2024-02-16T12:58:01+00:00\" \/>\n<meta name=\"twitter:card\" content=\"summary_large_image\" \/>\n<meta name=\"twitter:label1\" content=\"Est. reading time\" \/>\n\t<meta name=\"twitter:data1\" content=\"1 minute\" \/>\n<script type=\"application\/ld+json\" class=\"yoast-schema-graph\">{\"@context\":\"https:\/\/schema.org\",\"@graph\":[{\"@type\":\"WebPage\",\"@id\":\"https:\/\/northius.com\/pt\/plataforma\/junte-se-a-northius\/\",\"url\":\"https:\/\/northius.com\/pt\/plataforma\/junte-se-a-northius\/\",\"name\":\"Junte-se \u00e0 Northius - Northius\",\"isPartOf\":{\"@id\":\"https:\/\/northius.com\/pt\/#website\"},\"datePublished\":\"2022-05-12T14:54:11+00:00\",\"dateModified\":\"2024-02-16T12:58:01+00:00\",\"breadcrumb\":{\"@id\":\"https:\/\/northius.com\/pt\/plataforma\/junte-se-a-northius\/#breadcrumb\"},\"inLanguage\":\"pt-P\",\"potentialAction\":[{\"@type\":\"ReadAction\",\"target\":[\"https:\/\/northius.com\/pt\/plataforma\/junte-se-a-northius\/\"]}]},{\"@type\":\"BreadcrumbList\",\"@id\":\"https:\/\/northius.com\/pt\/plataforma\/junte-se-a-northius\/#breadcrumb\",\"itemListElement\":[{\"@type\":\"ListItem\",\"position\":1,\"name\":\"Inicio\",\"item\":\"https:\/\/northius.com\/pt\/\"},{\"@type\":\"ListItem\",\"position\":2,\"name\":\"Plataforma\",\"item\":\"https:\/\/northius.com\/pt\/plataforma\/\"},{\"@type\":\"ListItem\",\"position\":3,\"name\":\"Junte-se \u00e0 Northius\"}]},{\"@type\":\"WebSite\",\"@id\":\"https:\/\/northius.com\/pt\/#website\",\"url\":\"https:\/\/northius.com\/pt\/\",\"name\":\"Northius\",\"description\":\"El grupo educativo de formaci\u00f3n especializada\",\"publisher\":{\"@id\":\"https:\/\/northius.com\/pt\/#organization\"},\"potentialAction\":[{\"@type\":\"SearchAction\",\"target\":{\"@type\":\"EntryPoint\",\"urlTemplate\":\"https:\/\/northius.com\/pt\/?s={search_term_string}\"},\"query-input\":{\"@type\":\"PropertyValueSpecification\",\"valueRequired\":true,\"valueName\":\"search_term_string\"}}],\"inLanguage\":\"pt-P\"},{\"@type\":\"Organization\",\"@id\":\"https:\/\/northius.com\/pt\/#organization\",\"name\":\"Northius\",\"url\":\"https:\/\/northius.com\/pt\/\",\"logo\":{\"@type\":\"ImageObject\",\"inLanguage\":\"pt-P\",\"@id\":\"https:\/\/northius.com\/pt\/#\/schema\/logo\/image\/\",\"url\":\"https:\/\/northius.com\/wp-content\/uploads\/2022\/05\/logo.svg\",\"contentUrl\":\"https:\/\/northius.com\/wp-content\/uploads\/2022\/05\/logo.svg\",\"width\":196,\"height\":36,\"caption\":\"Northius\"},\"image\":{\"@id\":\"https:\/\/northius.com\/pt\/#\/schema\/logo\/image\/\"}}]}<\/script>\n<!-- \/ Yoast SEO plugin. -->","yoast_head_json":{"title":"Junte-se \u00e0 Northius - Northius","robots":{"index":"index","follow":"follow","max-snippet":"max-snippet:-1","max-image-preview":"max-image-preview:large","max-video-preview":"max-video-preview:-1"},"canonical":"https:\/\/northius.com\/pt\/plataforma\/junte-se-a-northius\/","og_locale":"pt_PT","og_type":"article","og_title":"Junte-se \u00e0 Northius - Northius","og_description":"\u00danete a Northius \u00bfQuieres formar parte de Northius? Potenciamos peque\u00f1os y grandes proyectos educativos para que alcancen la excelencia. Lo hacemos a trav\u00e9s de nuestra experiencia, nuestros medios, nuestros equipos multidisciplinares y aplicando conocimiento, tecnolog\u00eda e innovaci\u00f3n. Con Northius, las escuelas mejoran sus procesos, la calidad de sus formaciones y la experiencia de su alumnado. [&hellip;]","og_url":"https:\/\/northius.com\/pt\/plataforma\/junte-se-a-northius\/","og_site_name":"Northius","article_modified_time":"2024-02-16T12:58:01+00:00","twitter_card":"summary_large_image","twitter_misc":{"Est. reading time":"1 minute"},"schema":{"@context":"https:\/\/schema.org","@graph":[{"@type":"WebPage","@id":"https:\/\/northius.com\/pt\/plataforma\/junte-se-a-northius\/","url":"https:\/\/northius.com\/pt\/plataforma\/junte-se-a-northius\/","name":"Junte-se \u00e0 Northius - Northius","isPartOf":{"@id":"https:\/\/northius.com\/pt\/#website"},"datePublished":"2022-05-12T14:54:11+00:00","dateModified":"2024-02-16T12:58:01+00:00","breadcrumb":{"@id":"https:\/\/northius.com\/pt\/plataforma\/junte-se-a-northius\/#breadcrumb"},"inLanguage":"pt-P","potentialAction":[{"@type":"ReadAction","target":["https:\/\/northius.com\/pt\/plataforma\/junte-se-a-northius\/"]}]},{"@type":"BreadcrumbList","@id":"https:\/\/northius.com\/pt\/plataforma\/junte-se-a-northius\/#breadcrumb","itemListElement":[{"@type":"ListItem","position":1,"name":"Inicio","item":"https:\/\/northius.com\/pt\/"},{"@type":"ListItem","position":2,"name":"Plataforma","item":"https:\/\/northius.com\/pt\/plataforma\/"},{"@type":"ListItem","position":3,"name":"Junte-se \u00e0 Northius"}]},{"@type":"WebSite","@id":"https:\/\/northius.com\/pt\/#website","url":"https:\/\/northius.com\/pt\/","name":"Northius","description":"El grupo educativo de formaci\u00f3n especializada","publisher":{"@id":"https:\/\/northius.com\/pt\/#organization"},"potentialAction":[{"@type":"SearchAction","target":{"@type":"EntryPoint","urlTemplate":"https:\/\/northius.com\/pt\/?s={search_term_string}"},"query-input":{"@type":"PropertyValueSpecification","valueRequired":true,"valueName":"search_term_string"}}],"inLanguage":"pt-P"},{"@type":"Organization","@id":"https:\/\/northius.com\/pt\/#organization","name":"Northius","url":"https:\/\/northius.com\/pt\/","logo":{"@type":"ImageObject","inLanguage":"pt-P","@id":"https:\/\/northius.com\/pt\/#\/schema\/logo\/image\/","url":"https:\/\/northius.com\/wp-content\/uploads\/2022\/05\/logo.svg","contentUrl":"https:\/\/northius.com\/wp-content\/uploads\/2022\/05\/logo.svg","width":196,"height":36,"caption":"Northius"},"image":{"@id":"https:\/\/northius.com\/pt\/#\/schema\/logo\/image\/"}}]}},"_links":{"self":[{"href":"https:\/\/northius.com\/pt\/wp-json\/wp\/v2\/pages\/6803","targetHints":{"allow":["GET"]}}],"collection":[{"href":"https:\/\/northius.com\/pt\/wp-json\/wp\/v2\/pages"}],"about":[{"href":"https:\/\/northius.com\/pt\/wp-json\/wp\/v2\/types\/page"}],"author":[{"embeddable":true,"href":"https:\/\/northius.com\/pt\/wp-json\/wp\/v2\/users\/5"}],"replies":[{"embeddable":true,"href":"https:\/\/northius.com\/pt\/wp-json\/wp\/v2\/comments?post=6803"}],"version-history":[{"count":2,"href":"https:\/\/northius.com\/pt\/wp-json\/wp\/v2\/pages\/6803\/revisions"}],"predecessor-version":[{"id":7835,"href":"https:\/\/northius.com\/pt\/wp-json\/wp\/v2\/pages\/6803\/revisions\/7835"}],"up":[{"embeddable":true,"href":"https:\/\/northius.com\/pt\/wp-json\/wp\/v2\/pages\/6801"}],"wp:attachment":[{"href":"https:\/\/northius.com\/pt\/wp-json\/wp\/v2\/media?parent=6803"}],"curies":[{"name":"wp","href":"https:\/\/api.w.org\/{rel}","templated":true}]}}