{"id":6756,"date":"2022-05-13T11:05:50","date_gmt":"2022-05-13T11:05:50","guid":{"rendered":"https:\/\/northius.com\/?page_id=6756"},"modified":"2023-07-26T08:28:40","modified_gmt":"2023-07-26T08:28:40","slug":"aviso-legal","status":"publish","type":"page","link":"https:\/\/northius.com\/pt\/aviso-legal\/","title":{"rendered":"Aviso legal"},"content":{"rendered":"\t\t<div data-elementor-type=\"wp-page\" data-elementor-id=\"6756\" class=\"elementor elementor-6756 elementor-1140\" data-elementor-post-type=\"page\">\n\t\t\t\t\t\t<section class=\"elementor-section elementor-top-section elementor-element elementor-element-a9331cc elementor-section-stretched elementor-section-boxed elementor-section-height-default elementor-section-height-default\" data-id=\"a9331cc\" data-element_type=\"section\" data-settings=\"{&quot;stretch_section&quot;:&quot;section-stretched&quot;,&quot;background_background&quot;:&quot;classic&quot;}\">\n\t\t\t\t\t\t<div class=\"elementor-container elementor-column-gap-wide\">\n\t\t\t\t\t<div class=\"elementor-column elementor-col-100 elementor-top-column elementor-element elementor-element-5207518\" data-id=\"5207518\" data-element_type=\"column\">\n\t\t\t<div class=\"elementor-widget-wrap elementor-element-populated\">\n\t\t\t\t\t\t<div class=\"elementor-element elementor-element-9dc8cac elementor-widget elementor-widget-breadcrumbs\" data-id=\"9dc8cac\" data-element_type=\"widget\" data-widget_type=\"breadcrumbs.default\">\n\t\t\t\t<div class=\"elementor-widget-container\">\n\t\t\t\t\t<p id=\"breadcrumbs\"><span><span><a href=\"https:\/\/northius.com\/pt\/\">Inicio<\/a><\/span><\/span><\/p>\t\t\t\t<\/div>\n\t\t\t\t<\/div>\n\t\t\t\t<div class=\"elementor-element elementor-element-411a0b1 elementor-widget elementor-widget-heading\" data-id=\"411a0b1\" data-element_type=\"widget\" data-widget_type=\"heading.default\">\n\t\t\t\t<div class=\"elementor-widget-container\">\n\t\t\t\t\t<h1 class=\"elementor-heading-title elementor-size-default\">Aviso legal e termos de uso<\/h1>\t\t\t\t<\/div>\n\t\t\t\t<\/div>\n\t\t\t\t\t<\/div>\n\t\t<\/div>\n\t\t\t\t\t<\/div>\n\t\t<\/section>\n\t\t\t\t<section class=\"elementor-section elementor-top-section elementor-element elementor-element-6978710e elementor-section-boxed elementor-section-height-default elementor-section-height-default\" data-id=\"6978710e\" data-element_type=\"section\" data-settings=\"{&quot;background_background&quot;:&quot;classic&quot;}\">\n\t\t\t\t\t\t<div class=\"elementor-container elementor-column-gap-wide\">\n\t\t\t\t\t<div class=\"elementor-column elementor-col-100 elementor-top-column elementor-element elementor-element-8a15685\" data-id=\"8a15685\" data-element_type=\"column\">\n\t\t\t<div class=\"elementor-widget-wrap elementor-element-populated\">\n\t\t\t\t\t\t<div class=\"elementor-element elementor-element-3963774e elementor-widget elementor-widget-text-editor\" data-id=\"3963774e\" data-element_type=\"widget\" data-widget_type=\"text-editor.default\">\n\t\t\t\t<div class=\"elementor-widget-container\">\n\t\t\t\t\t\t\t\t\t<h2><strong>1. Identifica\u00e7\u00e3o do titular: <\/strong><\/h2><ul><li>Raz\u00e3o social: Training Business Network, S.L.<\/li><li>NIF: B02838233<\/li><li>Sede social: Calle Comandante Fontanes 1, 1\u00ba, 15003 A Coru\u00f1a<\/li><li>E-mail: contacto@northius.com<\/li><\/ul><p>Empresa registada no Registo Comercial de A Coru\u00f1a, Tomo 3732, Folio 140, Folha C-60-075, Inscri\u00e7\u00e3o 1\u00aa.<\/p><p>\u00a0<\/p><h2><strong>2. Objeto:<\/strong><\/h2><p>Estas condi\u00e7\u00f5es regem o uso que o Titular disponibiliza aos utilizadores do website, podendo ser alteradas sem aviso pr\u00e9vio, pelo que se recomenda a sua consulta peri\u00f3dica, especialmente quando se pretende utilizar produtos e\/ou servi\u00e7os.<\/p><p>\u00a0<\/p><h2><strong>3. Condi\u00e7\u00f5es de acesso e uso:<\/strong><\/h2><p>O acesso ao website \u00e9 livre e confere ao utilizador a condi\u00e7\u00e3o de Utilizador, que pode aceder aos conte\u00fados ou entrar em contacto com os seus administradores.<\/p><p>O Utilizador deve, portanto, ler, compreender e aceitar estas condi\u00e7\u00f5es de utiliza\u00e7\u00e3o antes de navegar e\/ou utilizar os servi\u00e7os, o que implicar\u00e1 a sua expressa aceita\u00e7\u00e3o e ades\u00e3o nos termos e condi\u00e7\u00f5es expressos a seguir:<\/p><ol><li>Compromisso de utilizar os recursos com dilig\u00eancia, cumprindo estritamente a legisla\u00e7\u00e3o em vigor, respeitando os bons costumes e a &#8220;etiqueta&#8221;, ou seja, o conjunto de regras de comportamento geral na Internet;<\/li><li>O Utilizador aceitar\u00e1 os termos e condi\u00e7\u00f5es ou bases de participa\u00e7\u00e3o de um servi\u00e7o ou recurso espec\u00edfico quando necess\u00e1rio, o que ser\u00e1 explicitamente solicitado, se for o caso;<\/li><li>N\u00e3o poder\u00e1 utilizar o website para fins il\u00edcitos, contr\u00e1rios \u00e0 moral ou \u00e0 ordem p\u00fablica em qualquer das suas manifesta\u00e7\u00f5es, ou que constituam crime.<\/li><\/ol><p>Da mesma forma, no caso de serem permitidos coment\u00e1rios ou opini\u00f5es, o Titular n\u00e3o ser\u00e1 respons\u00e1vel, em caso algum, pelas opini\u00f5es expressas por terceiros, reservando-se o direito de remover ou n\u00e3o publicar aqueles que sejam ofensivos ou inadequados, ou quando tiver conhecimento efetivo do conte\u00fado publicado.<\/p><p>\u00a0<\/p><h2><strong>4. Propriedade Intelectual e Industrial:<\/strong><\/h2><p>O Titular det\u00e9m todos os direitos sobre o website, os seus log\u00f3tipos, estrutura, imagens e elementos constitutivos do c\u00f3digo objeto, bem como a programa\u00e7\u00e3o e engenharia do c\u00f3digo-fonte. Todos estes elementos, al\u00e9m das publica\u00e7\u00f5es inclu\u00eddas, est\u00e3o protegidos pela legisla\u00e7\u00e3o espanhola e europeia sobre propriedade intelectual e industrial. Fica proibida qualquer reprodu\u00e7\u00e3o, adapta\u00e7\u00e3o, modifica\u00e7\u00e3o ou comunica\u00e7\u00e3o p\u00fablica total ou parcial dos conte\u00fados do website, efetuada de qualquer forma ou por qualquer meio, mec\u00e2nico, manual ou outro, sem a autoriza\u00e7\u00e3o expressa do Titular. Qualquer liga\u00e7\u00e3o feita ao website deve direcionar para a p\u00e1gina inicial (&#8220;home&#8221;), sendo proibida a cria\u00e7\u00e3o de liga\u00e7\u00f5es profundas ou direcionadas a outros conte\u00fados diferentes dos mencionados. Da mesma forma, a pr\u00e1tica de navega\u00e7\u00e3o em molduras ou &#8220;frames&#8221; \u00e9 proibida.<\/p><p>\u00a0<\/p><h2><strong>5. Prote\u00e7\u00e3o de dados pessoais:<\/strong><\/h2><p>O Titular adotou todas as medidas de seguran\u00e7a, t\u00e9cnicas e organizativas, exigidas pela legisla\u00e7\u00e3o em mat\u00e9ria de prote\u00e7\u00e3o de dados, mais especificamente de acordo com o Regulamento (UE) 2016\/679 Europeu de Prote\u00e7\u00e3o de Dados (RGPD) e a Lei Org\u00e2nica 3\/2018, de 5 de dezembro, de Prote\u00e7\u00e3o de Dados Pessoais e Garantia dos Direitos Digitais. Toda a informa\u00e7\u00e3o a esse respeito pode ser encontrada na sec\u00e7\u00e3o denominada Pol\u00edtica de Privacidade.<\/p><p>\u00a0<\/p><h2><strong>6. Legisla\u00e7\u00e3o e jurisdi\u00e7\u00e3o aplic\u00e1veis:<\/strong><\/h2><p>As presentes Condi\u00e7\u00f5es Gerais est\u00e3o sujeitas \u00e0 legisla\u00e7\u00e3o espanhola, sendo qualquer controv\u00e9rsia submetida aos tribunais da cidade de A Corunha, renunciando a qualquer outra jurisdi\u00e7\u00e3o geral ou especial que possa ser aplic\u00e1vel.<\/p>\t\t\t\t\t\t\t\t<\/div>\n\t\t\t\t<\/div>\n\t\t\t\t\t<\/div>\n\t\t<\/div>\n\t\t\t\t\t<\/div>\n\t\t<\/section>\n\t\t\t\t<\/div>\n\t\t","protected":false},"excerpt":{"rendered":"<p>Aviso legal e termos de uso 1. Identifica\u00e7\u00e3o do titular: Raz\u00e3o social: Training Business Network, S.L. NIF: B02838233 Sede social: Calle Comandante Fontanes 1, 1\u00ba, 15003 A Coru\u00f1a E-mail: contacto@northius.com Empresa registada no Registo Comercial de A Coru\u00f1a, Tomo 3732, Folio 140, Folha C-60-075, Inscri\u00e7\u00e3o 1\u00aa. 2. Objeto: Estas condi\u00e7\u00f5es regem o uso que o [&hellip;]<\/p>\n","protected":false},"author":5,"featured_media":0,"parent":0,"menu_order":11,"comment_status":"closed","ping_status":"closed","template":"","meta":{"_acf_changed":false,"inline_featured_image":false,"footnotes":""},"class_list":["post-6756","page","type-page","status-publish","hentry"],"acf":[],"yoast_head":"<!-- This site is optimized with the Yoast SEO plugin v26.2 - https:\/\/yoast.com\/wordpress\/plugins\/seo\/ -->\n<title>Aviso legal - Northius<\/title>\n<meta name=\"robots\" content=\"index, follow, max-snippet:-1, max-image-preview:large, max-video-preview:-1\" \/>\n<link rel=\"canonical\" href=\"https:\/\/northius.com\/pt\/aviso-legal\/\" \/>\n<meta property=\"og:locale\" content=\"pt_PT\" \/>\n<meta property=\"og:type\" content=\"article\" \/>\n<meta property=\"og:title\" content=\"Aviso legal - Northius\" \/>\n<meta property=\"og:description\" content=\"Aviso legal e termos de uso 1. Identifica\u00e7\u00e3o do titular: Raz\u00e3o social: Training Business Network, S.L. NIF: B02838233 Sede social: Calle Comandante Fontanes 1, 1\u00ba, 15003 A Coru\u00f1a E-mail: contacto@northius.com Empresa registada no Registo Comercial de A Coru\u00f1a, Tomo 3732, Folio 140, Folha C-60-075, Inscri\u00e7\u00e3o 1\u00aa. 2. Objeto: Estas condi\u00e7\u00f5es regem o uso que o [&hellip;]\" \/>\n<meta property=\"og:url\" content=\"https:\/\/northius.com\/pt\/aviso-legal\/\" \/>\n<meta property=\"og:site_name\" content=\"Northius\" \/>\n<meta property=\"article:modified_time\" content=\"2023-07-26T08:28:40+00:00\" \/>\n<meta name=\"twitter:card\" content=\"summary_large_image\" \/>\n<meta name=\"twitter:label1\" content=\"Est. reading time\" \/>\n\t<meta name=\"twitter:data1\" content=\"3 minutes\" \/>\n<script type=\"application\/ld+json\" class=\"yoast-schema-graph\">{\"@context\":\"https:\/\/schema.org\",\"@graph\":[{\"@type\":\"WebPage\",\"@id\":\"https:\/\/northius.com\/pt\/aviso-legal\/\",\"url\":\"https:\/\/northius.com\/pt\/aviso-legal\/\",\"name\":\"Aviso legal - Northius\",\"isPartOf\":{\"@id\":\"https:\/\/northius.com\/pt\/#website\"},\"datePublished\":\"2022-05-13T11:05:50+00:00\",\"dateModified\":\"2023-07-26T08:28:40+00:00\",\"breadcrumb\":{\"@id\":\"https:\/\/northius.com\/pt\/aviso-legal\/#breadcrumb\"},\"inLanguage\":\"pt-P\",\"potentialAction\":[{\"@type\":\"ReadAction\",\"target\":[\"https:\/\/northius.com\/pt\/aviso-legal\/\"]}]},{\"@type\":\"BreadcrumbList\",\"@id\":\"https:\/\/northius.com\/pt\/aviso-legal\/#breadcrumb\",\"itemListElement\":[{\"@type\":\"ListItem\",\"position\":1,\"name\":\"Inicio\",\"item\":\"https:\/\/northius.com\/pt\/\"},{\"@type\":\"ListItem\",\"position\":2,\"name\":\"Aviso legal\"}]},{\"@type\":\"WebSite\",\"@id\":\"https:\/\/northius.com\/pt\/#website\",\"url\":\"https:\/\/northius.com\/pt\/\",\"name\":\"Northius\",\"description\":\"El grupo educativo de formaci\u00f3n especializada\",\"publisher\":{\"@id\":\"https:\/\/northius.com\/pt\/#organization\"},\"potentialAction\":[{\"@type\":\"SearchAction\",\"target\":{\"@type\":\"EntryPoint\",\"urlTemplate\":\"https:\/\/northius.com\/pt\/?s={search_term_string}\"},\"query-input\":{\"@type\":\"PropertyValueSpecification\",\"valueRequired\":true,\"valueName\":\"search_term_string\"}}],\"inLanguage\":\"pt-P\"},{\"@type\":\"Organization\",\"@id\":\"https:\/\/northius.com\/pt\/#organization\",\"name\":\"Northius\",\"url\":\"https:\/\/northius.com\/pt\/\",\"logo\":{\"@type\":\"ImageObject\",\"inLanguage\":\"pt-P\",\"@id\":\"https:\/\/northius.com\/pt\/#\/schema\/logo\/image\/\",\"url\":\"https:\/\/northius.com\/wp-content\/uploads\/2022\/05\/logo.svg\",\"contentUrl\":\"https:\/\/northius.com\/wp-content\/uploads\/2022\/05\/logo.svg\",\"width\":196,\"height\":36,\"caption\":\"Northius\"},\"image\":{\"@id\":\"https:\/\/northius.com\/pt\/#\/schema\/logo\/image\/\"}}]}<\/script>\n<!-- \/ Yoast SEO plugin. -->","yoast_head_json":{"title":"Aviso legal - Northius","robots":{"index":"index","follow":"follow","max-snippet":"max-snippet:-1","max-image-preview":"max-image-preview:large","max-video-preview":"max-video-preview:-1"},"canonical":"https:\/\/northius.com\/pt\/aviso-legal\/","og_locale":"pt_PT","og_type":"article","og_title":"Aviso legal - Northius","og_description":"Aviso legal e termos de uso 1. Identifica\u00e7\u00e3o do titular: Raz\u00e3o social: Training Business Network, S.L. NIF: B02838233 Sede social: Calle Comandante Fontanes 1, 1\u00ba, 15003 A Coru\u00f1a E-mail: contacto@northius.com Empresa registada no Registo Comercial de A Coru\u00f1a, Tomo 3732, Folio 140, Folha C-60-075, Inscri\u00e7\u00e3o 1\u00aa. 2. Objeto: Estas condi\u00e7\u00f5es regem o uso que o [&hellip;]","og_url":"https:\/\/northius.com\/pt\/aviso-legal\/","og_site_name":"Northius","article_modified_time":"2023-07-26T08:28:40+00:00","twitter_card":"summary_large_image","twitter_misc":{"Est. reading time":"3 minutes"},"schema":{"@context":"https:\/\/schema.org","@graph":[{"@type":"WebPage","@id":"https:\/\/northius.com\/pt\/aviso-legal\/","url":"https:\/\/northius.com\/pt\/aviso-legal\/","name":"Aviso legal - Northius","isPartOf":{"@id":"https:\/\/northius.com\/pt\/#website"},"datePublished":"2022-05-13T11:05:50+00:00","dateModified":"2023-07-26T08:28:40+00:00","breadcrumb":{"@id":"https:\/\/northius.com\/pt\/aviso-legal\/#breadcrumb"},"inLanguage":"pt-P","potentialAction":[{"@type":"ReadAction","target":["https:\/\/northius.com\/pt\/aviso-legal\/"]}]},{"@type":"BreadcrumbList","@id":"https:\/\/northius.com\/pt\/aviso-legal\/#breadcrumb","itemListElement":[{"@type":"ListItem","position":1,"name":"Inicio","item":"https:\/\/northius.com\/pt\/"},{"@type":"ListItem","position":2,"name":"Aviso legal"}]},{"@type":"WebSite","@id":"https:\/\/northius.com\/pt\/#website","url":"https:\/\/northius.com\/pt\/","name":"Northius","description":"El grupo educativo de formaci\u00f3n especializada","publisher":{"@id":"https:\/\/northius.com\/pt\/#organization"},"potentialAction":[{"@type":"SearchAction","target":{"@type":"EntryPoint","urlTemplate":"https:\/\/northius.com\/pt\/?s={search_term_string}"},"query-input":{"@type":"PropertyValueSpecification","valueRequired":true,"valueName":"search_term_string"}}],"inLanguage":"pt-P"},{"@type":"Organization","@id":"https:\/\/northius.com\/pt\/#organization","name":"Northius","url":"https:\/\/northius.com\/pt\/","logo":{"@type":"ImageObject","inLanguage":"pt-P","@id":"https:\/\/northius.com\/pt\/#\/schema\/logo\/image\/","url":"https:\/\/northius.com\/wp-content\/uploads\/2022\/05\/logo.svg","contentUrl":"https:\/\/northius.com\/wp-content\/uploads\/2022\/05\/logo.svg","width":196,"height":36,"caption":"Northius"},"image":{"@id":"https:\/\/northius.com\/pt\/#\/schema\/logo\/image\/"}}]}},"_links":{"self":[{"href":"https:\/\/northius.com\/pt\/wp-json\/wp\/v2\/pages\/6756","targetHints":{"allow":["GET"]}}],"collection":[{"href":"https:\/\/northius.com\/pt\/wp-json\/wp\/v2\/pages"}],"about":[{"href":"https:\/\/northius.com\/pt\/wp-json\/wp\/v2\/types\/page"}],"author":[{"embeddable":true,"href":"https:\/\/northius.com\/pt\/wp-json\/wp\/v2\/users\/5"}],"replies":[{"embeddable":true,"href":"https:\/\/northius.com\/pt\/wp-json\/wp\/v2\/comments?post=6756"}],"version-history":[{"count":8,"href":"https:\/\/northius.com\/pt\/wp-json\/wp\/v2\/pages\/6756\/revisions"}],"predecessor-version":[{"id":7169,"href":"https:\/\/northius.com\/pt\/wp-json\/wp\/v2\/pages\/6756\/revisions\/7169"}],"wp:attachment":[{"href":"https:\/\/northius.com\/pt\/wp-json\/wp\/v2\/media?parent=6756"}],"curies":[{"name":"wp","href":"https:\/\/api.w.org\/{rel}","templated":true}]}}