{"id":6754,"date":"2022-05-13T11:06:56","date_gmt":"2022-05-13T11:06:56","guid":{"rendered":"https:\/\/northius.com\/?page_id=6754"},"modified":"2023-07-05T13:15:11","modified_gmt":"2023-07-05T13:15:11","slug":"politica-de-privacidade","status":"publish","type":"page","link":"https:\/\/northius.com\/pt\/politica-de-privacidade\/","title":{"rendered":"Pol\u00edtica de Privacidade"},"content":{"rendered":"\t\t<div data-elementor-type=\"wp-page\" data-elementor-id=\"6754\" class=\"elementor elementor-6754 elementor-1144\" data-elementor-post-type=\"page\">\n\t\t\t\t\t\t<section class=\"elementor-section elementor-top-section elementor-element elementor-element-c639a3e elementor-section-stretched elementor-section-boxed elementor-section-height-default elementor-section-height-default\" data-id=\"c639a3e\" data-element_type=\"section\" data-settings=\"{&quot;stretch_section&quot;:&quot;section-stretched&quot;,&quot;background_background&quot;:&quot;classic&quot;}\">\n\t\t\t\t\t\t<div class=\"elementor-container elementor-column-gap-wide\">\n\t\t\t\t\t<div class=\"elementor-column elementor-col-100 elementor-top-column elementor-element elementor-element-588f073\" data-id=\"588f073\" data-element_type=\"column\">\n\t\t\t<div class=\"elementor-widget-wrap elementor-element-populated\">\n\t\t\t\t\t\t<div class=\"elementor-element elementor-element-8f8aa11 elementor-widget elementor-widget-breadcrumbs\" data-id=\"8f8aa11\" data-element_type=\"widget\" data-widget_type=\"breadcrumbs.default\">\n\t\t\t\t<div class=\"elementor-widget-container\">\n\t\t\t\t\t<p id=\"breadcrumbs\"><span><span><a href=\"https:\/\/northius.com\/pt\/\">Inicio<\/a><\/span><\/span><\/p>\t\t\t\t<\/div>\n\t\t\t\t<\/div>\n\t\t\t\t<div class=\"elementor-element elementor-element-3185fb2 elementor-widget elementor-widget-heading\" data-id=\"3185fb2\" data-element_type=\"widget\" data-widget_type=\"heading.default\">\n\t\t\t\t<div class=\"elementor-widget-container\">\n\t\t\t\t\t<h1 class=\"elementor-heading-title elementor-size-default\">Pol\u00edtica de Privacidade<\/h1>\t\t\t\t<\/div>\n\t\t\t\t<\/div>\n\t\t\t\t\t<\/div>\n\t\t<\/div>\n\t\t\t\t\t<\/div>\n\t\t<\/section>\n\t\t\t\t<section class=\"elementor-section elementor-top-section elementor-element elementor-element-57371ce elementor-section-boxed elementor-section-height-default elementor-section-height-default\" data-id=\"57371ce\" data-element_type=\"section\" data-settings=\"{&quot;background_background&quot;:&quot;classic&quot;}\">\n\t\t\t\t\t\t<div class=\"elementor-container elementor-column-gap-wide\">\n\t\t\t\t\t<div class=\"elementor-column elementor-col-100 elementor-top-column elementor-element elementor-element-421c19c\" data-id=\"421c19c\" data-element_type=\"column\">\n\t\t\t<div class=\"elementor-widget-wrap elementor-element-populated\">\n\t\t\t\t\t\t<div class=\"elementor-element elementor-element-356d719 elementor-widget elementor-widget-text-editor\" data-id=\"356d719\" data-element_type=\"widget\" data-widget_type=\"text-editor.default\">\n\t\t\t\t<div class=\"elementor-widget-container\">\n\t\t\t\t\t\t\t\t\t<p><strong>INTRODU\u00c7\u00c3O<\/strong><\/p><p>A presente pol\u00edtica de privacidade aplica-se ao tratamento de dados pessoais que realizamos quando visita o nosso site.<\/p><p>A sua privacidade e a seguran\u00e7a dos seus dados pessoais s\u00e3o importantes para o Grupo Northius. Garantimos que todos os dados pessoais que nos sejam confiados ser\u00e3o tratados de acordo com a legisla\u00e7\u00e3o aplic\u00e1vel em mat\u00e9ria de prote\u00e7\u00e3o.<\/p><p>Neste aviso poder\u00e1 conhecer quem somos, para que finalidades trataremos os teus dados pessoais, a quem os podemos comunicar, onde podem ser transferidos e quais s\u00e3o os seus direitos.<\/p><p><strong>SOBRE A NORTHIUS<\/strong><\/p><p>O Grupo Northius tratar\u00e1 os seus dados pessoais de acordo com o estabelecido nesta pol\u00edtica de privacidade, a qual ser\u00e1 atualizada continuamente, revista e sempre dispon\u00edvel para o utilizador.<\/p><p>A menos que indicado o contr\u00e1rio, o Grupo Northius \u00e9 respons\u00e1vel pelo tratamento dos teus dados pessoais (\u201crespons\u00e1vel pelo tratamento\u201d nos termos da legisla\u00e7\u00e3o aplic\u00e1vel em mat\u00e9ria de prote\u00e7\u00e3o de dados).<\/p><p>Em certos casos, para o bom funcionamento e gest\u00e3o eficiente do nosso neg\u00f3cio, as empresas do Grupo Northius determinam em conjunto os objetivos e os meios relativos ao tratamento de dados pessoais (correspons\u00e1veis pelo tratamento).<\/p><p>O Grupo Northius \u00e9 composto pelas seguintes entidades:<\/p><table width=\"0\"><tbody><tr><td width=\"229\"><p><strong>Comunidad Campus, S.L.<\/strong><\/p><\/td><td width=\"66\"><p><strong>B15947609<\/strong><\/p><\/td><td rowspan=\"4\" width=\"313\"><p><strong>Comandante Fontanes, 1-1\u00ba, 15003 \u2013 A Coru\u00f1a<\/strong><\/p><\/td><\/tr><tr><td width=\"229\"><p>Manufactura de Ingenios Tecnol\u00f3gicos, S.L.<\/p><\/td><td width=\"66\"><p>B70499454<\/p><\/td><\/tr><tr><td width=\"229\"><p>Training Business Network, S.L.<\/p><\/td><td width=\"66\"><p>B02838233<\/p><\/td><\/tr><tr><td width=\"229\"><p>Hipatia Educaci\u00f3n, S.L.<\/p><\/td><td width=\"66\"><p>B67678169<\/p><\/td><\/tr><tr><td width=\"229\"><p>MG Agnesi Training, S.L.<\/p><\/td><td width=\"66\"><p>B06794416<\/p><\/td><td width=\"313\"><p>Consell De Cent Num.357-359 Local P.1 A 08007 \u2013 Barcelona<\/p><\/td><\/tr><tr><td width=\"229\"><p>Unisport Universitas S.L.<\/p><\/td><td width=\"66\"><p>B65625493<\/p><\/td><td width=\"313\"><p>Av. Ernest Lluch 32, TCM2 3.06, 08302 Matar\u00f3 \u2013 Barcelona<\/p><\/td><\/tr><tr><td width=\"229\"><p>Red de Negocios Formativos, S.L.<\/p><\/td><td width=\"66\"><p>B70303474<\/p><\/td><td width=\"313\"><p>Princesa 22 2 Izquierda. 28008 \u2013 Madrid<\/p><\/td><\/tr><tr><td width=\"229\"><p>Tokio School, S.L.<\/p><\/td><td width=\"66\"><p>B87849303<\/p><\/td><td width=\"313\"><p>Bravo Murillo, 373 -1\u00ba A y B, 28020 \u2013 Madrid<\/p><\/td><\/tr><tr><td width=\"229\"><p>Darwin Media, S.L.<\/p><\/td><td width=\"66\"><p>B19328285<\/p><\/td><td width=\"313\"><p>Pico Ocej\u00f3n, 2, 19209, Villanueva de la Torre \u2013 Guadalajara<\/p><\/td><\/tr><\/tbody><\/table><p><strong>IDENTIFICA\u00c7\u00c3O DO DELEGADO DE PROTE\u00c7\u00c3O DE DADOS<\/strong><\/p><p>Os dados de contacto do Delegado de Prote\u00e7\u00e3o de Dados (DPD) respons\u00e1vel pela gest\u00e3o centralizada da prote\u00e7\u00e3o de dados do Grupo Northius s\u00e3o: <strong><a href=\"mailto:dpd@northius.com\" target=\"_blank\" rel=\"noopener\">dpd@northius.com<\/a><\/strong>.<\/p><p><strong>COM QUE FINALIDADE TRATAMOS OS DADOS?<\/strong><\/p><p>Podemos tratar os seus dados pessoais para as seguintes finalidades:<\/p><ul><li><span style=\"text-decoration: underline;\">Pedido de informa\u00e7\u00e3o<\/span>: Fornecer informa\u00e7\u00f5es personalizadas sobre os diferentes cursos programados e as suas respetivas modalidades ou sobre qualquer outro tipo de forma\u00e7\u00e3o dispon\u00edvel no nosso cat\u00e1logo formativo.<\/li><li><span style=\"text-decoration: underline;\">Contacto<\/span>: O endere\u00e7o de e-mail ou telefone fornecido para contato ser\u00e1 utilizado para uma resposta eficaz \u00e0s quest\u00f5es apresentadas. A utiliza\u00e7\u00e3o do aplicativo de mensagens instant\u00e2neas n\u00e3o implicar\u00e1 no tratamento dos n\u00fameros de telefone dos seus titulares. Quando o contato for estabelecido atrav\u00e9s dos nossos contact-center, algumas conversas poder\u00e3o ser gravadas, unicamente para acompanhamento e do correspondente processo de contrata\u00e7\u00e3o ou matr\u00edcula.<\/li><li><span style=\"text-decoration: underline;\">Atividades formativas<\/span>: Uma vez realizado o processo de contrata\u00e7\u00e3o e matr\u00edcula, para os quais devem ser fornecidos os dados de identifica\u00e7\u00e3o e pagamento, as informa\u00e7\u00f5es ser\u00e3o tratadas para as correspondentes gest\u00f5es administrativas e acad\u00e9micas, entre as quais se encontram: (i) entrega de credenciais ao Campus Virtual; (ii) ministra\u00e7\u00e3o das sess\u00f5es formativas; (iii) realiza\u00e7\u00e3o de testes e exames; e (iv) concess\u00e3o de t\u00edtulos e\/ou certificados.<\/li><li><span style=\"text-decoration: underline;\">Boletins ou newsletters<\/span>: O endere\u00e7o de e-mail, que dever\u00e1 ser verificado pelo usu\u00e1rio, ou telefone, ser\u00e3o utilizados para o envio dessas comunica\u00e7\u00f5es eletr\u00f4nicas, de acordo com os seus interesses.<\/li><li><span style=\"text-decoration: underline;\">Atividades promocionais\/participativas<\/span>: Ao participar em alguma de nossas atividades promocionais, trataremos os dados fornecidos de acordo com cada a\u00e7\u00e3o espec\u00edfica, com o objetivo de regular e possibilitar o acesso e desfruta\u00e7\u00e3o da mesma. Caso seja necess\u00e1rio, ser\u00e3o publicadas as correspondentes condi\u00e7\u00f5es ou bases legais, e para esses casos espec\u00edficos, ser\u00e1 fornecida informa\u00e7\u00e3o mais detalhada sobre o tratamento de dados pessoais.<\/li><li><span style=\"text-decoration: underline;\">Trabalhe connosco<\/span>: O envio dos dados curriculares ser\u00e1 utilizado para utiliza\u00e7\u00e3o em processos de sele\u00e7\u00e3o, presentes e futuros, embora os departamentos de sele\u00e7\u00e3o se reservem o direito de eliminar diretamente a informa\u00e7\u00e3o fornecida.<\/li><li><span style=\"text-decoration: underline;\">Atividades de contrata\u00e7\u00e3o<\/span>: Quando forem desenvolvidas as fun\u00e7\u00f5es pr\u00f3prias de uma Ag\u00eancia Privada de Contrata\u00e7\u00e3o, ser\u00e3o realizados trabalhos de intermedia\u00e7\u00e3o laboral, de modo que ser\u00e1 estabelecido um canal entre as pessoas que procuram um emprego adequado \u00e0s suas caracter\u00edsticas e aquelas organiza\u00e7\u00f5es \u00e0 procura de potenciais trabalhadores com uma determinada qualifica\u00e7\u00e3o, para que sejam disponibilizados a elas os profissionais mais adequados aos seus requisitos e necessidades.<\/li><\/ul><p><strong>QUE TIPOLOGIA DE DADOS TRATAMOS?<\/strong><\/p><p>Os dados sujeitos a tratamento ser\u00e3o diferentes dependendo das diferentes sec\u00e7\u00f5es ou servi\u00e7os disponibilizados ao utilizador e que este utilize, bem como dos tratamentos adicionais permitidos ou autorizados pelo mesmo.<\/p><ol><li><span style=\"text-decoration: underline;\">Dados obtidos do utilizador<\/span>: s\u00e3o os dados fornecidos pelo utilizador no processo de preenchimento dos formul\u00e1rios dispon\u00edveis, de matr\u00edcula e contrata\u00e7\u00e3o da forma\u00e7\u00e3o escolhida, bem como a subscri\u00e7\u00e3o dos nossos boletins, newsletters, campanhas ou promo\u00e7\u00f5es. Entre estes dados incluem-se os dados identificativos e de contacto, tais como o nome e apelido e o endere\u00e7o de e-mail, bem como os dados econ\u00f3micos e de pagamento. Em cada um dos formul\u00e1rios, ser\u00e1 indicado quais s\u00e3o de car\u00e1cter obrigat\u00f3rio e quais s\u00e3o facultativos.<\/li><li><span style=\"text-decoration: underline;\">Dados n\u00e3o obtidos do utilizador<\/span>: Durante a navega\u00e7\u00e3o, poder\u00e3o ser fornecidos dados como os enviados pelo navegador, o endere\u00e7o IP atribu\u00eddo pelo seu fornecedor ou as informa\u00e7\u00f5es do dispositivo utilizado.<\/li><\/ol><p><strong>LEGITIMA\u00c7\u00c3O DO TRATAMENTO<\/strong><\/p><p>De acordo com os tratamentos realizados, informamos a seguir sobre as bases de legitimidade de cada um deles:<\/p><ul><li><strong>Consentimento<\/strong>: ser\u00e1 obtido adequadamente para a subscri\u00e7\u00e3o das nossas newsletters e not\u00edcias, bem como para dar uma resposta oportuna a todas as quest\u00f5es ou perguntas formuladas pelos utilizadores. O consentimento ser\u00e1 sempre revog\u00e1vel e poder\u00e1 ser retirado a qualquer momento. No entanto, se o consentimento for retirado, isso n\u00e3o afetar\u00e1 a licitude dos tratamentos realizados anteriormente. As autoriza\u00e7\u00f5es obtidas para os fins mencionados s\u00e3o independentes, portanto, uma delas pode ser revogada sem afetar as outras.<\/li><li><strong>Cumprimento de um contrato<\/strong>: O contrato assinado entre o aluno (ou, se for o caso, o pagador) e a empresa do Grupo Northius encarregada do desenvolvimento da forma\u00e7\u00e3o, em qualquer uma das suas variantes (cursos, oposi\u00e7\u00f5es, mestrados, etc.).<\/li><li><strong>Interesse leg\u00edtimo<\/strong>: De acordo com esta base de legitimidade, encaminharemos as solicita\u00e7\u00f5es de informa\u00e7\u00e3o para a empresa do Grupo Northius que estiver em melhor posi\u00e7\u00e3o para oferecer a solu\u00e7\u00e3o procurada pelos utilizadores. Neste sentido e com a mesma base legal, poder\u00e3o ser enviadas comunica\u00e7\u00f5es comerciais, de acordo com as prefer\u00eancias e interesses dos utilizadores.<\/li><li><strong>Cumprimento de uma obriga\u00e7\u00e3o legal<\/strong>: As atividades de media\u00e7\u00e3o na contrata\u00e7\u00e3o ser\u00e3o comunicadas ao Servi\u00e7o P\u00fablico de Emprego, em cumprimento do Real Decreto 1796\/2010, de 30 de dezembro, que regula as ag\u00eancias de emprego, bem como do Real Decreto Legislativo 3\/2015, de 23 de outubro, que aprova o texto refundido da Lei do Emprego de Espanha.<\/li><\/ul><p><strong>PARA QUEM S\u00c3O COMUNICADOS OS SEUS DADOS?<\/strong><\/p><p>O Grupo Northius \u00e9 composto por empresas dedicadas ao campo da forma\u00e7\u00e3o, cada uma delas em \u00e1reas muito espec\u00edficas. Assim, quando a consulta ou solicita\u00e7\u00e3o dos usu\u00e1rios estiver fora do \u00e2mbito da forma\u00e7\u00e3o ministrada pela empresa recetora, esta encaminhar\u00e1 a solicita\u00e7\u00e3o do usu\u00e1rio para a\/s empresa\/s que gerenciam essa especialidade espec\u00edfica, a fim de oferecer e realizar uma gest\u00e3o eficaz das demandas espec\u00edficas dos usu\u00e1rios.<\/p><p>Para cumprir as demais finalidades indicadas nesta Pol\u00edtica de Privacidade, \u00e9 poss\u00edvel que nos apoiemos em terceiros, fornecedores, se for o caso, de servi\u00e7os tecnol\u00f3gicos, prestadores de servi\u00e7os relacionados ao atendimento ao cliente e marketing e publicidade.<\/p><p>No entanto, n\u00e3o divulgaremos as informa\u00e7\u00f5es pessoais fornecidas a terceiros, exceto quando a divulga\u00e7\u00e3o for exigida pela legisla\u00e7\u00e3o vigente, por ordem judicial ou por autoridade competente, bem como quando for necess\u00e1rio comunicar os dados essenciais por raz\u00e3o l\u00f3gica da presta\u00e7\u00e3o do servi\u00e7o, ou quando for expressamente solicitado pelo usu\u00e1rio dando o seu consentimento.<\/p><p>N\u00e3o est\u00e1 prevista a realiza\u00e7\u00e3o de transfer\u00eancias internacionais de dados fora do \u00e2mbito da Uni\u00e3o Europeia.<\/p><p>Em cumprimento da legisla\u00e7\u00e3o mencionada anteriormente, e no desempenho da fun\u00e7\u00e3o de Ag\u00eancia de Coloca\u00e7\u00e3o, as informa\u00e7\u00f5es fornecidas pelo demandante de emprego ser\u00e3o registadas no banco de dados comum do Portal \u00danico de Emprego, de forma a possibilitar a divulga\u00e7\u00e3o de ofertas, demandas de emprego e oportunidades de forma\u00e7\u00e3o existentes em todo o territ\u00f3rio do Estado, bem como nos demais pa\u00edses do Espa\u00e7o Econ\u00f3mico Europeu, respeitando o estabelecido na legisla\u00e7\u00e3o espanhola e europeia em mat\u00e9ria de prote\u00e7\u00e3o de dados.<\/p><p><strong>EXERC\u00cdCIO DE DIREITOS<\/strong><\/p><p>Qualquer pessoa tem o direito de obter a confirma\u00e7\u00e3o de se os seus dados pessoais est\u00e3o ou n\u00e3o a ser processados. As pessoas interessadas t\u00eam o direito de aceder aos seus dados pessoais, bem como solicitar a retifica\u00e7\u00e3o dos dados imprecisos ou, se for caso disso, solicitar a sua elimina\u00e7\u00e3o quando, entre outras raz\u00f5es, os dados j\u00e1 n\u00e3o s\u00e3o necess\u00e1rios para os fins para os quais foram recolhidos.<\/p><p>Em certas circunst\u00e2ncias, os titulares dos dados podem solicitar a limita\u00e7\u00e3o do processamento dos seus dados ou opor-se ao processamento dos mesmos, caso em que apenas os manteremos para o exerc\u00edcio ou defesa de reclama\u00e7\u00f5es.<\/p><p>Para tal, os utilizadores podem exercer os direitos reconhecidos por lei <em>(i)<\/em> atrav\u00e9s de correio eletr\u00f3nico para o endere\u00e7o <strong><a href=\"mailto:dpd@northius.com\" target=\"_blank\" rel=\"noopener\">dpd@northius.com<\/a><\/strong>; ou <em>(ii)<\/em> por carta para o endere\u00e7o indicado acima.<\/p><p>Pode ser apresentada uma reclama\u00e7\u00e3o \u00e0 Ag\u00eancia Espanhola de Prote\u00e7\u00e3o de Dados, dispon\u00edvel em <strong><a href=\"https:\/\/sedeagpd.gob.es\/\" target=\"_blank\" rel=\"noopener\">https:\/\/sedeagpd.gob.es\/<\/a><\/strong>.<\/p>\t\t\t\t\t\t\t\t<\/div>\n\t\t\t\t<\/div>\n\t\t\t\t\t<\/div>\n\t\t<\/div>\n\t\t\t\t\t<\/div>\n\t\t<\/section>\n\t\t\t\t<\/div>\n\t\t","protected":false},"excerpt":{"rendered":"<p>Pol\u00edtica de Privacidade INTRODU\u00c7\u00c3O A presente pol\u00edtica de privacidade aplica-se ao tratamento de dados pessoais que realizamos quando visita o nosso site. A sua privacidade e a seguran\u00e7a dos seus dados pessoais s\u00e3o importantes para o Grupo Northius. Garantimos que todos os dados pessoais que nos sejam confiados ser\u00e3o tratados de acordo com a legisla\u00e7\u00e3o [&hellip;]<\/p>\n","protected":false},"author":5,"featured_media":0,"parent":0,"menu_order":10,"comment_status":"closed","ping_status":"closed","template":"","meta":{"_acf_changed":false,"inline_featured_image":false,"footnotes":""},"class_list":["post-6754","page","type-page","status-publish","hentry"],"acf":[],"yoast_head":"<!-- This site is optimized with the Yoast SEO plugin v26.2 - https:\/\/yoast.com\/wordpress\/plugins\/seo\/ -->\n<title>Pol\u00edtica de Privacidade - Northius<\/title>\n<meta name=\"robots\" content=\"index, follow, max-snippet:-1, max-image-preview:large, max-video-preview:-1\" \/>\n<link rel=\"canonical\" href=\"https:\/\/northius.com\/pt\/politica-de-privacidade\/\" \/>\n<meta property=\"og:locale\" content=\"pt_PT\" \/>\n<meta property=\"og:type\" content=\"article\" \/>\n<meta property=\"og:title\" content=\"Pol\u00edtica de Privacidade - Northius\" \/>\n<meta property=\"og:description\" content=\"Pol\u00edtica de Privacidade INTRODU\u00c7\u00c3O A presente pol\u00edtica de privacidade aplica-se ao tratamento de dados pessoais que realizamos quando visita o nosso site. A sua privacidade e a seguran\u00e7a dos seus dados pessoais s\u00e3o importantes para o Grupo Northius. Garantimos que todos os dados pessoais que nos sejam confiados ser\u00e3o tratados de acordo com a legisla\u00e7\u00e3o [&hellip;]\" \/>\n<meta property=\"og:url\" content=\"https:\/\/northius.com\/pt\/politica-de-privacidade\/\" \/>\n<meta property=\"og:site_name\" content=\"Northius\" \/>\n<meta property=\"article:modified_time\" content=\"2023-07-05T13:15:11+00:00\" \/>\n<meta name=\"twitter:card\" content=\"summary_large_image\" \/>\n<meta name=\"twitter:label1\" content=\"Est. reading time\" \/>\n\t<meta name=\"twitter:data1\" content=\"9 minutes\" \/>\n<script type=\"application\/ld+json\" class=\"yoast-schema-graph\">{\"@context\":\"https:\/\/schema.org\",\"@graph\":[{\"@type\":\"WebPage\",\"@id\":\"https:\/\/northius.com\/pt\/politica-de-privacidade\/\",\"url\":\"https:\/\/northius.com\/pt\/politica-de-privacidade\/\",\"name\":\"Pol\u00edtica de Privacidade - Northius\",\"isPartOf\":{\"@id\":\"https:\/\/northius.com\/pt\/#website\"},\"datePublished\":\"2022-05-13T11:06:56+00:00\",\"dateModified\":\"2023-07-05T13:15:11+00:00\",\"breadcrumb\":{\"@id\":\"https:\/\/northius.com\/pt\/politica-de-privacidade\/#breadcrumb\"},\"inLanguage\":\"pt-P\",\"potentialAction\":[{\"@type\":\"ReadAction\",\"target\":[\"https:\/\/northius.com\/pt\/politica-de-privacidade\/\"]}]},{\"@type\":\"BreadcrumbList\",\"@id\":\"https:\/\/northius.com\/pt\/politica-de-privacidade\/#breadcrumb\",\"itemListElement\":[{\"@type\":\"ListItem\",\"position\":1,\"name\":\"Inicio\",\"item\":\"https:\/\/northius.com\/pt\/\"},{\"@type\":\"ListItem\",\"position\":2,\"name\":\"Pol\u00edtica de Privacidade\"}]},{\"@type\":\"WebSite\",\"@id\":\"https:\/\/northius.com\/pt\/#website\",\"url\":\"https:\/\/northius.com\/pt\/\",\"name\":\"Northius\",\"description\":\"El grupo educativo de formaci\u00f3n especializada\",\"publisher\":{\"@id\":\"https:\/\/northius.com\/pt\/#organization\"},\"potentialAction\":[{\"@type\":\"SearchAction\",\"target\":{\"@type\":\"EntryPoint\",\"urlTemplate\":\"https:\/\/northius.com\/pt\/?s={search_term_string}\"},\"query-input\":{\"@type\":\"PropertyValueSpecification\",\"valueRequired\":true,\"valueName\":\"search_term_string\"}}],\"inLanguage\":\"pt-P\"},{\"@type\":\"Organization\",\"@id\":\"https:\/\/northius.com\/pt\/#organization\",\"name\":\"Northius\",\"url\":\"https:\/\/northius.com\/pt\/\",\"logo\":{\"@type\":\"ImageObject\",\"inLanguage\":\"pt-P\",\"@id\":\"https:\/\/northius.com\/pt\/#\/schema\/logo\/image\/\",\"url\":\"https:\/\/northius.com\/wp-content\/uploads\/2022\/05\/logo.svg\",\"contentUrl\":\"https:\/\/northius.com\/wp-content\/uploads\/2022\/05\/logo.svg\",\"width\":196,\"height\":36,\"caption\":\"Northius\"},\"image\":{\"@id\":\"https:\/\/northius.com\/pt\/#\/schema\/logo\/image\/\"}}]}<\/script>\n<!-- \/ Yoast SEO plugin. -->","yoast_head_json":{"title":"Pol\u00edtica de Privacidade - Northius","robots":{"index":"index","follow":"follow","max-snippet":"max-snippet:-1","max-image-preview":"max-image-preview:large","max-video-preview":"max-video-preview:-1"},"canonical":"https:\/\/northius.com\/pt\/politica-de-privacidade\/","og_locale":"pt_PT","og_type":"article","og_title":"Pol\u00edtica de Privacidade - Northius","og_description":"Pol\u00edtica de Privacidade INTRODU\u00c7\u00c3O A presente pol\u00edtica de privacidade aplica-se ao tratamento de dados pessoais que realizamos quando visita o nosso site. A sua privacidade e a seguran\u00e7a dos seus dados pessoais s\u00e3o importantes para o Grupo Northius. Garantimos que todos os dados pessoais que nos sejam confiados ser\u00e3o tratados de acordo com a legisla\u00e7\u00e3o [&hellip;]","og_url":"https:\/\/northius.com\/pt\/politica-de-privacidade\/","og_site_name":"Northius","article_modified_time":"2023-07-05T13:15:11+00:00","twitter_card":"summary_large_image","twitter_misc":{"Est. reading time":"9 minutes"},"schema":{"@context":"https:\/\/schema.org","@graph":[{"@type":"WebPage","@id":"https:\/\/northius.com\/pt\/politica-de-privacidade\/","url":"https:\/\/northius.com\/pt\/politica-de-privacidade\/","name":"Pol\u00edtica de Privacidade - Northius","isPartOf":{"@id":"https:\/\/northius.com\/pt\/#website"},"datePublished":"2022-05-13T11:06:56+00:00","dateModified":"2023-07-05T13:15:11+00:00","breadcrumb":{"@id":"https:\/\/northius.com\/pt\/politica-de-privacidade\/#breadcrumb"},"inLanguage":"pt-P","potentialAction":[{"@type":"ReadAction","target":["https:\/\/northius.com\/pt\/politica-de-privacidade\/"]}]},{"@type":"BreadcrumbList","@id":"https:\/\/northius.com\/pt\/politica-de-privacidade\/#breadcrumb","itemListElement":[{"@type":"ListItem","position":1,"name":"Inicio","item":"https:\/\/northius.com\/pt\/"},{"@type":"ListItem","position":2,"name":"Pol\u00edtica de Privacidade"}]},{"@type":"WebSite","@id":"https:\/\/northius.com\/pt\/#website","url":"https:\/\/northius.com\/pt\/","name":"Northius","description":"El grupo educativo de formaci\u00f3n especializada","publisher":{"@id":"https:\/\/northius.com\/pt\/#organization"},"potentialAction":[{"@type":"SearchAction","target":{"@type":"EntryPoint","urlTemplate":"https:\/\/northius.com\/pt\/?s={search_term_string}"},"query-input":{"@type":"PropertyValueSpecification","valueRequired":true,"valueName":"search_term_string"}}],"inLanguage":"pt-P"},{"@type":"Organization","@id":"https:\/\/northius.com\/pt\/#organization","name":"Northius","url":"https:\/\/northius.com\/pt\/","logo":{"@type":"ImageObject","inLanguage":"pt-P","@id":"https:\/\/northius.com\/pt\/#\/schema\/logo\/image\/","url":"https:\/\/northius.com\/wp-content\/uploads\/2022\/05\/logo.svg","contentUrl":"https:\/\/northius.com\/wp-content\/uploads\/2022\/05\/logo.svg","width":196,"height":36,"caption":"Northius"},"image":{"@id":"https:\/\/northius.com\/pt\/#\/schema\/logo\/image\/"}}]}},"_links":{"self":[{"href":"https:\/\/northius.com\/pt\/wp-json\/wp\/v2\/pages\/6754","targetHints":{"allow":["GET"]}}],"collection":[{"href":"https:\/\/northius.com\/pt\/wp-json\/wp\/v2\/pages"}],"about":[{"href":"https:\/\/northius.com\/pt\/wp-json\/wp\/v2\/types\/page"}],"author":[{"embeddable":true,"href":"https:\/\/northius.com\/pt\/wp-json\/wp\/v2\/users\/5"}],"replies":[{"embeddable":true,"href":"https:\/\/northius.com\/pt\/wp-json\/wp\/v2\/comments?post=6754"}],"version-history":[{"count":4,"href":"https:\/\/northius.com\/pt\/wp-json\/wp\/v2\/pages\/6754\/revisions"}],"predecessor-version":[{"id":7080,"href":"https:\/\/northius.com\/pt\/wp-json\/wp\/v2\/pages\/6754\/revisions\/7080"}],"wp:attachment":[{"href":"https:\/\/northius.com\/pt\/wp-json\/wp\/v2\/media?parent=6754"}],"curies":[{"name":"wp","href":"https:\/\/api.w.org\/{rel}","templated":true}]}}