{"id":6752,"date":"2022-05-13T11:07:03","date_gmt":"2022-05-13T11:07:03","guid":{"rendered":"https:\/\/northius.com\/?page_id=6752"},"modified":"2023-07-06T13:03:34","modified_gmt":"2023-07-06T13:03:34","slug":"politica-de-cookies","status":"publish","type":"page","link":"https:\/\/northius.com\/pt\/politica-de-cookies\/","title":{"rendered":"Pol\u00edtica de Cookies"},"content":{"rendered":"\t\t<div data-elementor-type=\"wp-page\" data-elementor-id=\"6752\" class=\"elementor elementor-6752 elementor-1146\" data-elementor-post-type=\"page\">\n\t\t\t\t\t\t<section class=\"elementor-section elementor-top-section elementor-element elementor-element-3ebe563a elementor-section-stretched elementor-section-boxed elementor-section-height-default elementor-section-height-default\" data-id=\"3ebe563a\" data-element_type=\"section\" data-settings=\"{&quot;stretch_section&quot;:&quot;section-stretched&quot;,&quot;background_background&quot;:&quot;classic&quot;}\">\n\t\t\t\t\t\t<div class=\"elementor-container elementor-column-gap-wide\">\n\t\t\t\t\t<div class=\"elementor-column elementor-col-100 elementor-top-column elementor-element elementor-element-1e03525e\" data-id=\"1e03525e\" data-element_type=\"column\">\n\t\t\t<div class=\"elementor-widget-wrap elementor-element-populated\">\n\t\t\t\t\t\t<div class=\"elementor-element elementor-element-4efddb74 elementor-widget elementor-widget-breadcrumbs\" data-id=\"4efddb74\" data-element_type=\"widget\" data-widget_type=\"breadcrumbs.default\">\n\t\t\t\t<div class=\"elementor-widget-container\">\n\t\t\t\t\t<p id=\"breadcrumbs\"><span><span><a href=\"https:\/\/northius.com\/pt\/\">Inicio<\/a><\/span><\/span><\/p>\t\t\t\t<\/div>\n\t\t\t\t<\/div>\n\t\t\t\t<div class=\"elementor-element elementor-element-1f5c5888 elementor-widget elementor-widget-heading\" data-id=\"1f5c5888\" data-element_type=\"widget\" data-widget_type=\"heading.default\">\n\t\t\t\t<div class=\"elementor-widget-container\">\n\t\t\t\t\t<h1 class=\"elementor-heading-title elementor-size-default\">Pol\u00edtica de Cookies<\/h1>\t\t\t\t<\/div>\n\t\t\t\t<\/div>\n\t\t\t\t\t<\/div>\n\t\t<\/div>\n\t\t\t\t\t<\/div>\n\t\t<\/section>\n\t\t\t\t<section class=\"elementor-section elementor-top-section elementor-element elementor-element-51ea3c37 elementor-section-boxed elementor-section-height-default elementor-section-height-default\" data-id=\"51ea3c37\" data-element_type=\"section\" data-settings=\"{&quot;background_background&quot;:&quot;classic&quot;}\">\n\t\t\t\t\t\t<div class=\"elementor-container elementor-column-gap-wide\">\n\t\t\t\t\t<div class=\"elementor-column elementor-col-100 elementor-top-column elementor-element elementor-element-302ec2b\" data-id=\"302ec2b\" data-element_type=\"column\">\n\t\t\t<div class=\"elementor-widget-wrap elementor-element-populated\">\n\t\t\t\t\t\t<div class=\"elementor-element elementor-element-6e64e49d elementor-widget elementor-widget-text-editor\" data-id=\"6e64e49d\" data-element_type=\"widget\" data-widget_type=\"text-editor.default\">\n\t\t\t\t<div class=\"elementor-widget-container\">\n\t\t\t\t\t\t\t\t\t<h3>Pol\u00edticas de cookies<\/h3>\nUma cookie \u00e9 um ficheiro que \u00e9 descarregado para o dispositivo do utilizador quando este acede a determinadas p\u00e1ginas Web com o objetivo de armazenar e recuperar informa\u00e7\u00f5es sobre a navega\u00e7\u00e3o efetuada a partir desse equipamento.\n<h3>Cookies utilizados<\/h3>\nOs seguintes cookies s\u00e3o utilizados neste s\u00edtio Web e est\u00e3o detalhados abaixo.\n<h3>Tipos de cookies<\/h3>\n<strong>Cookies t\u00e9cnicos<\/strong>\n\nEstes cookies mostram a p\u00e1gina adaptada ao seu dispositivo ou ao idioma do browser, entre outras defini\u00e7\u00f5es.\n<div>\n<table>\n<tbody>\n<tr>\n<th>PROVEEDOR<\/th>\n<th>LISTADO<\/th>\n<th>PROP\u00d3SITO<\/th>\n<th>INFO<\/th>\n<\/tr>\n<tr>\n<td>Linkedin<\/td>\n<td>Lang<\/td>\n<td>S\u00e3o utilizados para memorizar defini\u00e7\u00f5es, prefer\u00eancias e sincronizar dados.<\/td>\n<td>https:\/\/es.linkedin.com\/legal\/l\/cookie-table<\/td>\n<\/tr>\n<tr>\n<td>Propias<\/td>\n<td>idgacampus, PHPSESSID, cookie_legal, dl_mll, dl_gclid<\/td>\n<td>S\u00e3o utilizados para armazenar e recuperar informa\u00e7\u00f5es para o registo adequado da gest\u00e3o da empresa e para o funcionamento \u00f3ptimo do website.<\/td>\n<td><\/td>\n<\/tr>\n<tr>\n<td>JivoChat<\/td>\n<td>jv_loader_info_#, jv_store_#_app, jv_store_#_client, jv_temp_sess_enter_ts_#, jv_temp_sess_pages_count_#, jv_temp_visits_count_#<\/td>\n<td>S\u00e3o utilizados para armazenar e recuperar informa\u00e7\u00f5es para o registo adequado da gest\u00e3o da empresa e para o funcionamento \u00f3ptimo do website.<\/td>\n<td>jivochat.com<\/td>\n<\/tr>\n<tr>\n<td>Propias<\/td>\n<td>e_cookie_analitica<\/td>\n<td>S\u00e3o utilizados para armazenar e recuperar informa\u00e7\u00f5es para o registo adequado da gest\u00e3o da empresa e para o funcionamento \u00f3ptimo do website.<\/td>\n<td><\/td>\n<\/tr>\n<tr>\n<td>Propias<\/td>\n<td>e_cookie_publicidad<\/td>\n<td>S\u00e3o utilizados para armazenar e recuperar informa\u00e7\u00f5es para o registo adequado da gest\u00e3o da empresa e para o funcionamento \u00f3ptimo do website.<\/td>\n<td><\/td>\n<\/tr>\n<\/tbody>\n<\/table>\n<\/div>\n<strong>Cookies Anal\u00edtica<\/strong>\n\nS\u00e3o aqueles que, tratados por n\u00f3s ou por terceiros, nos permitem quantificar o n\u00famero de utilizadores e, assim, efectuar a medi\u00e7\u00e3o e an\u00e1lise estat\u00edstica da utiliza\u00e7\u00e3o que os utilizadores fazem do site. Para o efeito, a navega\u00e7\u00e3o \u00e9 analisada com o objetivo de melhorar a gama de produtos ou servi\u00e7os oferecidos.\n<div>\n<table>\n<tbody>\n<tr>\n<th>PROVEEDOR<\/th>\n<th>LISTADO<\/th>\n<th>PROP\u00d3SITO<\/th>\n<th>INFO<\/th>\n<\/tr>\n<tr>\n<td>Linkedin<\/td>\n<td>AnalyticsSyncHistory<\/td>\n<td>S\u00e3o utilizados para memorizar defini\u00e7\u00f5es, prefer\u00eancias e sincronizar dados.<\/td>\n<td>https:\/\/es.linkedin.com\/legal\/l\/cookie-table<\/td>\n<\/tr>\n<tr>\n<td>Google<\/td>\n<td>_ga, _gat_*, _gid, visitor_id, _dc_gtm_*, _gaexp<\/td>\n<td>S\u00e3o utilizados para memorizar defini\u00e7\u00f5es, prefer\u00eancias e sincronizar dados.<\/td>\n<td>northius.com\nhttps:\/\/policies.google.com\/technologies\/cookies?hl=es<\/td>\n<\/tr>\n<tr>\n<td>Yandex<\/td>\n<td>_ym_d<\/td>\n<td>Utilizado para recolher a data da primeira visita do utilizador.<\/td>\n<td>yandex.com<\/td>\n<\/tr>\n<tr>\n<td>Hotjar<\/td>\n<td>_hjid, _hjTLDTest<\/td>\n<td>\u00c9 utilizada para manter a ID do utilizador de forma aleat\u00f3ria e \u00fanica e para armazenar diferentes alternativas de subcadeias de URL.<\/td>\n<td>hotjar.com\nhttps:\/\/help.hotjar.com\/hc\/en-us\/articles\/115011789248-Hotjar-Cookie-Information<\/td>\n<\/tr>\n<tr>\n<td>MouseFlow<\/td>\n<td>mf_*, mf_user<\/td>\n<td>S\u00e3o utilizados para registar informa\u00e7\u00f5es sobre a utiliza\u00e7\u00e3o do s\u00edtio Web por um utilizador e para optimizar o s\u00edtio.<\/td>\n<td>mouseflow.com\nhttps:\/\/mouseflow.com\/privacy-overview\/<\/td>\n<\/tr>\n<tr>\n<td>Zarget<\/td>\n<td>zarget_userid, zarget_visitor_info<\/td>\n<td>S\u00e3o utilizados para armazenar informa\u00e7\u00f5es relacionadas com o utilizador e a navega\u00e7\u00e3o.<\/td>\n<td><\/td>\n<\/tr>\n<tr>\n<td>JivoChat<\/td>\n<td>jv_history_#<\/td>\n<td>S\u00e3o utilizados para armazenar informa\u00e7\u00f5es relacionadas com o utilizador e a navega\u00e7\u00e3o.<\/td>\n<td>jivochat.com<\/td>\n<\/tr>\n<\/tbody>\n<\/table>\n<\/div>\n<strong>Cookies de Publicidade<\/strong>\n\nOs Cookies de Publicidade s\u00e3o aqueles que, tratados por n\u00f3s ou por terceiros, permitem analisar os h\u00e1bitos de navega\u00e7\u00e3o neste ou em outros websites, para mostrar aos utilizadores publicidade relacionada com o seu perfil de navega\u00e7\u00e3o, exibir an\u00fancios relevantes e atraentes para o utilizador individual, e, portanto, mais valiosos para os editores e anunciantes terceiros. Eles n\u00e3o armazenam informa\u00e7\u00f5es pessoais diretamente, mas baseiam-se na identifica\u00e7\u00e3o \u00fanica do seu navegador e dispositivo de Internet.\n<div>\n<table>\n<tbody>\n<tr>\n<th>PROVEEDOR<\/th>\n<th>LISTADO<\/th>\n<th>PROP\u00d3SITO<\/th>\n<th>INFO<\/th>\n<\/tr>\n<tr>\n<td>Linkedin<\/td>\n<td>bcookie, bscookie, lidc, UserMatchHistory<\/td>\n<td>S\u00e3o usados para lembrar configura\u00e7\u00f5es, prefer\u00eancias e sincronizar dados.<\/td>\n<td>https:\/\/es.linkedin.com\/legal\/l\/cookie-table<\/td>\n<\/tr>\n<tr>\n<td>Google<\/td>\n<td>_gcl_au<\/td>\n<td>S\u00e3o utilizados para identificar e distinguir utilizadores, a fim de realizar an\u00e1lises, estat\u00edsticas e rastreamento publicit\u00e1rio.<\/td>\n<td>northius.com\nhttps:\/\/policies.google.com\/technologies\/cookies?hl=es<\/td>\n<\/tr>\n<tr>\n<td>Facebook Ads<\/td>\n<td>_fbp, fr<\/td>\n<td>S\u00e3o utilizados para identificar, medir e fornecer um rastreamento publicit\u00e1rio.<\/td>\n<td><span style=\"background-color: #e9e9e9;\">northius<\/span>.com\nfacebook.com<\/td>\n<\/tr>\n<tr>\n<td>Bing Ads<\/td>\n<td>_uetsid, _uetvid, MUID, _uetsid_exp, _uetvid_exp<\/td>\n<td>S\u00e3o utilizados para recolher informa\u00e7\u00f5es e fornecer publicidade relevante.<\/td>\n<td>northius.com\nbing.com<\/td>\n<\/tr>\n<tr>\n<td>Doubleclick<\/td>\n<td>ATN, IDE, TC, test_cookie, VISITOR_INFO1_LIVE, Wfivefivec, YSC<\/td>\n<td>S\u00e3o utilizados para recolher informa\u00e7\u00f5es e fornecer publicidade relevante.<\/td>\n<td>doubleclick.net<\/td>\n<\/tr>\n<tr>\n<td>YouTube<\/td>\n<td>YSC, VISITOR_INFO1_LIVE<\/td>\n<td>S\u00e3o usados para recolher informa\u00e7\u00f5es e fornecer publicidade relevante.<\/td>\n<td>youtube.com<\/td>\n<\/tr>\n<tr>\n<td>W55C<\/td>\n<td>Wfivefivec<\/td>\n<td>S\u00e3o utilizados para recolher informa\u00e7\u00f5es e fornecer publicidade relevante.<\/td>\n<td>w55c.net<\/td>\n<\/tr>\n<tr>\n<td>Hspvst<\/td>\n<td>TC, HSR, PA, UFP<\/td>\n<td>S\u00e3o usados para recolher informa\u00e7\u00f5es e fornecer publicidade relevante.<\/td>\n<td>hspvst.com<\/td>\n<\/tr>\n<tr>\n<td>Atdmt<\/td>\n<td>test_cookie<\/td>\n<td>S\u00e3o utilizados para recolher informa\u00e7\u00f5es e fornecer publicidade relevante.<\/td>\n<td>atdmt.com<\/td>\n<\/tr>\n<\/tbody>\n<\/table>\n<\/div>\nPode permitir ou bloquear cookies, bem como apagar os seus dados de navega\u00e7\u00e3o (incluindo cookies) no navegador que est\u00e1 a utilizar. Consulte as op\u00e7\u00f5es e instru\u00e7\u00f5es oferecidas pelo seu navegador para fazer isso. Tenha em mente que, se aceitar cookies de terceiros, precisar\u00e1 remov\u00ea-los nas op\u00e7\u00f5es do navegador.\n<ul>\n \t<li>Internet Explorer: Clique <a href=\"https:\/\/support.microsoft.com\/en-us\/windows?ui=en-US&amp;rs=en-001&amp;ad=US\" target=\"_blank\" rel=\"noopener\">aqu\u00ed<\/a><\/li>\n \t<li>Chrome: Clique <a href=\"https:\/\/support.google.com\/chrome\/answer\/95647?hl=es\" target=\"_blank\" rel=\"noopener\">aqu\u00ed<\/a><\/li>\n \t<li>Mozilla Firefox: Clique <a href=\"https:\/\/support.mozilla.org\/es\/kb\/habilitar-y-deshabilitar-cookies-sitios-web-rastrear-preferencias?redirectslug=habilitar-y-deshabilitar-cookies-que-los-sitios-we&amp;redirectlocale=es\" target=\"_blank\" rel=\"noopener\">aqu\u00ed<\/a><\/li>\n \t<li>Apple Safari: Clique <a href=\"https:\/\/support.apple.com\/guide\/safari\/manage-cookies-sfri11471\/mac\" target=\"_blank\" rel=\"noopener\">aqu\u00ed<\/a><\/li>\n<\/ul>\n<div id=\"gtx-trans\" style=\"position: absolute; left: 190px; top: 5442.55px;\">\n<div class=\"gtx-trans-icon\"><\/div>\n<\/div>\t\t\t\t\t\t\t\t<\/div>\n\t\t\t\t<\/div>\n\t\t\t\t<div class=\"elementor-element elementor-element-c63d73f elementor-widget elementor-widget-text-editor\" data-id=\"c63d73f\" data-element_type=\"widget\" data-widget_type=\"text-editor.default\">\n\t\t\t\t<div class=\"elementor-widget-container\">\n\t\t\t\t\t\t\t\t\t<p><button class=\"mb-3-5 btn btn-cookies configurar-cookies-button shadow-none ck_font-family\" style=\"margin-bottom: 2em!important;\">Configura\u00e7\u00e3o de cookies\u00a0<\/button><\/p>\t\t\t\t\t\t\t\t<\/div>\n\t\t\t\t<\/div>\n\t\t\t\t\t<\/div>\n\t\t<\/div>\n\t\t\t\t\t<\/div>\n\t\t<\/section>\n\t\t\t\t<\/div>\n\t\t","protected":false},"excerpt":{"rendered":"<p>Pol\u00edtica de Cookies Pol\u00edticas de cookies Uma cookie \u00e9 um ficheiro que \u00e9 descarregado para o dispositivo do utilizador quando este acede a determinadas p\u00e1ginas Web com o objetivo de armazenar e recuperar informa\u00e7\u00f5es sobre a navega\u00e7\u00e3o efetuada a partir desse equipamento. Cookies utilizados Os seguintes cookies s\u00e3o utilizados neste s\u00edtio Web e est\u00e3o detalhados [&hellip;]<\/p>\n","protected":false},"author":5,"featured_media":0,"parent":0,"menu_order":9,"comment_status":"closed","ping_status":"closed","template":"","meta":{"_acf_changed":false,"inline_featured_image":false,"footnotes":""},"class_list":["post-6752","page","type-page","status-publish","hentry"],"acf":[],"yoast_head":"<!-- This site is optimized with the Yoast SEO plugin v26.2 - https:\/\/yoast.com\/wordpress\/plugins\/seo\/ -->\n<title>Pol\u00edtica de Cookies - Northius<\/title>\n<meta name=\"robots\" content=\"index, follow, max-snippet:-1, max-image-preview:large, max-video-preview:-1\" \/>\n<link rel=\"canonical\" href=\"https:\/\/northius.com\/pt\/politica-de-cookies\/\" \/>\n<meta property=\"og:locale\" content=\"pt_PT\" \/>\n<meta property=\"og:type\" content=\"article\" \/>\n<meta property=\"og:title\" content=\"Pol\u00edtica de Cookies - Northius\" \/>\n<meta property=\"og:description\" content=\"Pol\u00edtica de Cookies Pol\u00edticas de cookies Uma cookie \u00e9 um ficheiro que \u00e9 descarregado para o dispositivo do utilizador quando este acede a determinadas p\u00e1ginas Web com o objetivo de armazenar e recuperar informa\u00e7\u00f5es sobre a navega\u00e7\u00e3o efetuada a partir desse equipamento. Cookies utilizados Os seguintes cookies s\u00e3o utilizados neste s\u00edtio Web e est\u00e3o detalhados [&hellip;]\" \/>\n<meta property=\"og:url\" content=\"https:\/\/northius.com\/pt\/politica-de-cookies\/\" \/>\n<meta property=\"og:site_name\" content=\"Northius\" \/>\n<meta property=\"article:modified_time\" content=\"2023-07-06T13:03:34+00:00\" \/>\n<meta name=\"twitter:card\" content=\"summary_large_image\" \/>\n<meta name=\"twitter:label1\" content=\"Est. reading time\" \/>\n\t<meta name=\"twitter:data1\" content=\"4 minutes\" \/>\n<script type=\"application\/ld+json\" class=\"yoast-schema-graph\">{\"@context\":\"https:\/\/schema.org\",\"@graph\":[{\"@type\":\"WebPage\",\"@id\":\"https:\/\/northius.com\/pt\/politica-de-cookies\/\",\"url\":\"https:\/\/northius.com\/pt\/politica-de-cookies\/\",\"name\":\"Pol\u00edtica de Cookies - Northius\",\"isPartOf\":{\"@id\":\"https:\/\/northius.com\/pt\/#website\"},\"datePublished\":\"2022-05-13T11:07:03+00:00\",\"dateModified\":\"2023-07-06T13:03:34+00:00\",\"breadcrumb\":{\"@id\":\"https:\/\/northius.com\/pt\/politica-de-cookies\/#breadcrumb\"},\"inLanguage\":\"pt-P\",\"potentialAction\":[{\"@type\":\"ReadAction\",\"target\":[\"https:\/\/northius.com\/pt\/politica-de-cookies\/\"]}]},{\"@type\":\"BreadcrumbList\",\"@id\":\"https:\/\/northius.com\/pt\/politica-de-cookies\/#breadcrumb\",\"itemListElement\":[{\"@type\":\"ListItem\",\"position\":1,\"name\":\"Inicio\",\"item\":\"https:\/\/northius.com\/pt\/\"},{\"@type\":\"ListItem\",\"position\":2,\"name\":\"Pol\u00edtica de Cookies\"}]},{\"@type\":\"WebSite\",\"@id\":\"https:\/\/northius.com\/pt\/#website\",\"url\":\"https:\/\/northius.com\/pt\/\",\"name\":\"Northius\",\"description\":\"El grupo educativo de formaci\u00f3n especializada\",\"publisher\":{\"@id\":\"https:\/\/northius.com\/pt\/#organization\"},\"potentialAction\":[{\"@type\":\"SearchAction\",\"target\":{\"@type\":\"EntryPoint\",\"urlTemplate\":\"https:\/\/northius.com\/pt\/?s={search_term_string}\"},\"query-input\":{\"@type\":\"PropertyValueSpecification\",\"valueRequired\":true,\"valueName\":\"search_term_string\"}}],\"inLanguage\":\"pt-P\"},{\"@type\":\"Organization\",\"@id\":\"https:\/\/northius.com\/pt\/#organization\",\"name\":\"Northius\",\"url\":\"https:\/\/northius.com\/pt\/\",\"logo\":{\"@type\":\"ImageObject\",\"inLanguage\":\"pt-P\",\"@id\":\"https:\/\/northius.com\/pt\/#\/schema\/logo\/image\/\",\"url\":\"https:\/\/northius.com\/wp-content\/uploads\/2022\/05\/logo.svg\",\"contentUrl\":\"https:\/\/northius.com\/wp-content\/uploads\/2022\/05\/logo.svg\",\"width\":196,\"height\":36,\"caption\":\"Northius\"},\"image\":{\"@id\":\"https:\/\/northius.com\/pt\/#\/schema\/logo\/image\/\"}}]}<\/script>\n<!-- \/ Yoast SEO plugin. -->","yoast_head_json":{"title":"Pol\u00edtica de Cookies - Northius","robots":{"index":"index","follow":"follow","max-snippet":"max-snippet:-1","max-image-preview":"max-image-preview:large","max-video-preview":"max-video-preview:-1"},"canonical":"https:\/\/northius.com\/pt\/politica-de-cookies\/","og_locale":"pt_PT","og_type":"article","og_title":"Pol\u00edtica de Cookies - Northius","og_description":"Pol\u00edtica de Cookies Pol\u00edticas de cookies Uma cookie \u00e9 um ficheiro que \u00e9 descarregado para o dispositivo do utilizador quando este acede a determinadas p\u00e1ginas Web com o objetivo de armazenar e recuperar informa\u00e7\u00f5es sobre a navega\u00e7\u00e3o efetuada a partir desse equipamento. Cookies utilizados Os seguintes cookies s\u00e3o utilizados neste s\u00edtio Web e est\u00e3o detalhados [&hellip;]","og_url":"https:\/\/northius.com\/pt\/politica-de-cookies\/","og_site_name":"Northius","article_modified_time":"2023-07-06T13:03:34+00:00","twitter_card":"summary_large_image","twitter_misc":{"Est. reading time":"4 minutes"},"schema":{"@context":"https:\/\/schema.org","@graph":[{"@type":"WebPage","@id":"https:\/\/northius.com\/pt\/politica-de-cookies\/","url":"https:\/\/northius.com\/pt\/politica-de-cookies\/","name":"Pol\u00edtica de Cookies - Northius","isPartOf":{"@id":"https:\/\/northius.com\/pt\/#website"},"datePublished":"2022-05-13T11:07:03+00:00","dateModified":"2023-07-06T13:03:34+00:00","breadcrumb":{"@id":"https:\/\/northius.com\/pt\/politica-de-cookies\/#breadcrumb"},"inLanguage":"pt-P","potentialAction":[{"@type":"ReadAction","target":["https:\/\/northius.com\/pt\/politica-de-cookies\/"]}]},{"@type":"BreadcrumbList","@id":"https:\/\/northius.com\/pt\/politica-de-cookies\/#breadcrumb","itemListElement":[{"@type":"ListItem","position":1,"name":"Inicio","item":"https:\/\/northius.com\/pt\/"},{"@type":"ListItem","position":2,"name":"Pol\u00edtica de Cookies"}]},{"@type":"WebSite","@id":"https:\/\/northius.com\/pt\/#website","url":"https:\/\/northius.com\/pt\/","name":"Northius","description":"El grupo educativo de formaci\u00f3n especializada","publisher":{"@id":"https:\/\/northius.com\/pt\/#organization"},"potentialAction":[{"@type":"SearchAction","target":{"@type":"EntryPoint","urlTemplate":"https:\/\/northius.com\/pt\/?s={search_term_string}"},"query-input":{"@type":"PropertyValueSpecification","valueRequired":true,"valueName":"search_term_string"}}],"inLanguage":"pt-P"},{"@type":"Organization","@id":"https:\/\/northius.com\/pt\/#organization","name":"Northius","url":"https:\/\/northius.com\/pt\/","logo":{"@type":"ImageObject","inLanguage":"pt-P","@id":"https:\/\/northius.com\/pt\/#\/schema\/logo\/image\/","url":"https:\/\/northius.com\/wp-content\/uploads\/2022\/05\/logo.svg","contentUrl":"https:\/\/northius.com\/wp-content\/uploads\/2022\/05\/logo.svg","width":196,"height":36,"caption":"Northius"},"image":{"@id":"https:\/\/northius.com\/pt\/#\/schema\/logo\/image\/"}}]}},"_links":{"self":[{"href":"https:\/\/northius.com\/pt\/wp-json\/wp\/v2\/pages\/6752","targetHints":{"allow":["GET"]}}],"collection":[{"href":"https:\/\/northius.com\/pt\/wp-json\/wp\/v2\/pages"}],"about":[{"href":"https:\/\/northius.com\/pt\/wp-json\/wp\/v2\/types\/page"}],"author":[{"embeddable":true,"href":"https:\/\/northius.com\/pt\/wp-json\/wp\/v2\/users\/5"}],"replies":[{"embeddable":true,"href":"https:\/\/northius.com\/pt\/wp-json\/wp\/v2\/comments?post=6752"}],"version-history":[{"count":16,"href":"https:\/\/northius.com\/pt\/wp-json\/wp\/v2\/pages\/6752\/revisions"}],"predecessor-version":[{"id":7097,"href":"https:\/\/northius.com\/pt\/wp-json\/wp\/v2\/pages\/6752\/revisions\/7097"}],"wp:attachment":[{"href":"https:\/\/northius.com\/pt\/wp-json\/wp\/v2\/media?parent=6752"}],"curies":[{"name":"wp","href":"https:\/\/api.w.org\/{rel}","templated":true}]}}